{"id":771,"date":"2024-10-10T16:18:40","date_gmt":"2024-10-10T16:18:40","guid":{"rendered":"https:\/\/chefjavieraranda.live-website.com\/politique-de-confidentialite"},"modified":"2024-11-04T10:21:07","modified_gmt":"2024-11-04T10:21:07","slug":"politique-de-confidentialite","status":"publish","type":"page","link":"https:\/\/chefjavieraranda.com\/fr\/politique-de-confidentialite","title":{"rendered":"Politique de Confidentialit\u00e9"},"content":{"rendered":"\t\t<div data-elementor-type=\"wp-page\" data-elementor-id=\"771\" class=\"elementor elementor-771 elementor-3\" data-elementor-post-type=\"page\">\n\t\t\t\t<div class=\"elementor-element elementor-element-73bdfd2 e-flex e-con-boxed e-con e-parent\" data-id=\"73bdfd2\" data-element_type=\"container\" data-e-type=\"container\" data-settings=\"{&quot;background_background&quot;:&quot;classic&quot;}\">\n\t\t\t\t\t<div class=\"e-con-inner\">\n\t\t<div class=\"elementor-element elementor-element-cc0d128 e-con-full e-flex e-con e-child\" data-id=\"cc0d128\" data-element_type=\"container\" data-e-type=\"container\">\n\t\t\t\t<div class=\"elementor-element elementor-element-cfce04a elementor-widget elementor-widget-heading\" data-id=\"cfce04a\" data-element_type=\"widget\" data-e-type=\"widget\" data-widget_type=\"heading.default\">\n\t\t\t\t<div class=\"elementor-widget-container\">\n\t\t\t\t\t<h1 class=\"elementor-heading-title elementor-size-default\">Politique de Confidentialit\u00e9<\/h1>\t\t\t\t<\/div>\n\t\t\t\t<\/div>\n\t\t\t\t<div class=\"elementor-element elementor-element-e270378 elementor-widget elementor-widget-text-editor\" data-id=\"e270378\" data-element_type=\"widget\" data-e-type=\"widget\" data-widget_type=\"text-editor.default\">\n\t\t\t\t<div class=\"elementor-widget-container\">\n\t\t\t\t\t\t\t\t\t<h4>Coordonn\u00e9es<\/h4>\n<p style=\"font-weight: 400;\">Conform\u00e9ment \u00e0 l&rsquo;article 10 de la Loi 34\/2002 du 11 juillet sur les Services de la Soci\u00e9t\u00e9 de l&rsquo;Information et le Commerce \u00c9lectronique, les informations d&rsquo;identification du Titulaire sont pr\u00e9sent\u00e9es ci-dessous :<\/p>\n<p><strong>Web<\/strong>: http:\/\/www.chefjavieraranda.com<\/p>\n<p><strong>Titulaire<\/strong>: Pccd Rest 2020 S.L. (en adelante, RESTAURANTE GAYT\u00c1N)<\/p>\n<p><strong>Adresse<\/strong>: Calle Principe de Vergara, 205 &#8211; LATERAL DR, Madrid, 28002 , Madrid (Espa\u00f1a)<\/p>\n<p><strong>C.I.F<\/strong>: B01691013<\/p>\n<p><strong>T\u00e9l\u00e9phone<\/strong>: +34 913 48 50 30<\/p>\n<p><strong>Adresse \u00e9lectronique<\/strong>: info@chefjavieraranda.com<\/p>\t\t\t\t\t\t\t\t<\/div>\n\t\t\t\t<\/div>\n\t\t\t\t<div class=\"elementor-element elementor-element-ee53430 elementor-widget elementor-widget-text-editor\" data-id=\"ee53430\" data-element_type=\"widget\" data-e-type=\"widget\" data-widget_type=\"text-editor.default\">\n\t\t\t\t<div class=\"elementor-widget-container\">\n\t\t\t\t\t\t\t\t\t<p style=\"font-weight: 400;\">Dans le cadre de la conformit\u00e9 \u00e0 la l\u00e9gislation en vigueur, conform\u00e9ment \u00e0 la Loi Organique 15\/1999 du 13 d\u00e9cembre, sur la protection des Donn\u00e9es \u00e0 Caract\u00e8re Personnel (LOPD), visant \u00e0 garantir et \u00e0 prot\u00e9ger, en ce qui concerne le traitement des donn\u00e9es personnelles, les libert\u00e9s et les droits fondamentaux des personnes physiques, et en particulier leur honneur et leur intimit\u00e9 personnelle, <strong>RESTAURANT GAYT\u00c1N<\/strong> informe les utilisateurs que :<\/p>\n<ul>\n<li style=\"font-weight: 400;\">Toutes les donn\u00e9es personnelles que l&rsquo;Utilisateur fournit par courrier \u00e9lectronique, formulaires \u00e9lectroniques ou autres moyens feront partie des fichiers appartenant \u00e0 <strong>RESTAURANT GAYT\u00c1N<\/strong>, d\u00fbment enregistr\u00e9s aupr\u00e8s de l&rsquo;Agence Espagnole de Protection des Donn\u00e9es. Le refus de fournir les donn\u00e9es qualifi\u00e9es d&rsquo;obligatoires par le symbole ast\u00e9risque (*) dans les formulaires de collecte, le cas \u00e9ch\u00e9ant, ou le refus explicite ou non \u00e9quivoque de cette politique de confidentialit\u00e9 rendra impossible la prestation du service demand\u00e9 par l&rsquo;Utilisateur. <\/li>\n<li style=\"font-weight: 400;\">Les finalit\u00e9s du traitement des donn\u00e9es sont la prestation des services demand\u00e9s par l&rsquo;Utilisateur, la correcte identification de l&rsquo;Utilisateur pour des services personnalis\u00e9s, la r\u00e9alisation d&rsquo;\u00e9tudes statistiques permettant de concevoir des am\u00e9liorations dans les services offerts, la gestion de la demande d&#8217;emploi et son inclusion dans les futurs processus de s\u00e9lection que le Responsable pourrait r\u00e9aliser, la r\u00e9alisation d&rsquo;actions de formation, la gestion de t\u00e2ches administratives de base, ainsi que la communication, par courrier \u00e9lectronique ou tout autre moyen, de nouveaut\u00e9s, produits et services li\u00e9s \u00e0 <strong>RESTAURANT GAYT\u00c1N<\/strong> ou \u00e0 des entit\u00e9s tierces collaboratrices pouvant \u00eatre d&rsquo;int\u00e9r\u00eat (cette derni\u00e8re t\u00e2che \u00e9tant toujours identifi\u00e9e comme telle).<\/li>\n<li style=\"font-weight: 400;\"><strong>RESTAURANT GAYT\u00c1N<\/strong> s&rsquo;engage \u00e0 traiter les donn\u00e9es de l&rsquo;Utilisateur de mani\u00e8re confidentielle et ne les transmettra \u00e0 des tiers (entendu comme les \u00ab\u00a0entit\u00e9s collaboratrices de <strong>RESTAURANT GAYT\u00c1N<\/strong> qui fournissent des services sp\u00e9cifiques \u00e0 ses clients ou employ\u00e9s\u00a0\u00bb) qu&rsquo;aux fins d&rsquo;accomplir efficacement les services demand\u00e9s par l&rsquo;Utilisateur. Dans le cas contraire, le consentement pr\u00e9alable de l&rsquo;Utilisateur sera requis. <\/li>\n<li style=\"font-weight: 400;\">L&rsquo;Utilisateur sera en tout cas responsable de la v\u00e9racit\u00e9 des donn\u00e9es fournies, et <strong>RESTAURANT GAYT\u00c1N<\/strong> se r\u00e9serve le droit d&rsquo;exclure des services enregistr\u00e9s tout Utilisateur ayant fourni des donn\u00e9es fausses, sans pr\u00e9judice des autres actions l\u00e9gales pertinentes.<\/li>\n<li style=\"font-weight: 400;\"><strong>RESTAURANT GAYT\u00c1N<\/strong> d\u00e9clare avoir adopt\u00e9 les mesures n\u00e9cessaires pour \u00e9viter la perte, l&rsquo;usage abusif, l&rsquo;alt\u00e9ration, l&rsquo;acc\u00e8s non autoris\u00e9 et le vol des donn\u00e9es fournies par l&rsquo;Utilisateur, conform\u00e9ment au niveau de s\u00e9curit\u00e9 applicable dans ses installations, syst\u00e8mes et fichiers, conform\u00e9ment \u00e0 ce qui est \u00e9tabli dans le Titre VIII du R\u00e8glement de d\u00e9veloppement de la LOPD (approuv\u00e9 par le D\u00e9cret Royal 1720\/2007 du 21 d\u00e9cembre). Cependant, l&rsquo;Utilisateur doit \u00eatre conscient qu&rsquo;\u00e0 l&rsquo;heure actuelle, les mesures de s\u00e9curit\u00e9 sur Internet ne sont pas infaillibles. <\/li>\n<li style=\"font-weight: 400;\">L&rsquo;Utilisateur pourra exercer les droits reconnus par la LOPD, d&rsquo;acc\u00e8s, de rectification, d&rsquo;annulation et d&rsquo;opposition en adressant une demande \u00e9crite \u00e0 <strong>Pccd Rest 2020 S.L.<\/strong><strong> <\/strong>(R\u00e9f. Protection des Donn\u00e9es) \u00e0 l&rsquo;adresse postale suivante : Cl. Espiritu Santo, 32 28004 Madrid (Espagne) ou par courrier \u00e9lectronique \u00e0 <em> <\/em><a href=\"mailto:info@chefjavieraranda.com\">info@chefjavieraranda.com<\/a>, en pr\u00e9cisant le droit qu&rsquo;il souhaite exercer et en joignant une pi\u00e8ce justificative de son identit\u00e9.<\/li>\n<\/ul>\t\t\t\t\t\t\t\t<\/div>\n\t\t\t\t<\/div>\n\t\t\t\t<\/div>\n\t\t\t\t\t<\/div>\n\t\t\t\t<\/div>\n\t\t\t\t<\/div>\n\t\t","protected":false},"excerpt":{"rendered":"<p>Politique de Confidentialit\u00e9 Coordonn\u00e9es Conform\u00e9ment \u00e0 l&rsquo;article 10 de la Loi 34\/2002 du 11 juillet sur les Services de la Soci\u00e9t\u00e9 de l&rsquo;Information et le Commerce \u00c9lectronique, les informations d&rsquo;identification du Titulaire sont pr\u00e9sent\u00e9es ci-dessous : Web: http:\/\/www.chefjavieraranda.com Titulaire: Pccd Rest 2020 S.L. (en adelante, RESTAURANTE GAYT\u00c1N) Adresse: Calle Principe de Vergara, 205 &#8211; LATERAL [&hellip;]<\/p>\n","protected":false},"author":1,"featured_media":0,"parent":0,"menu_order":0,"comment_status":"closed","ping_status":"open","template":"","meta":{"footnotes":""},"class_list":["post-771","page","type-page","status-publish","hentry"],"yoast_head":"<!-- This site is optimized with the Yoast SEO plugin v27.4 - https:\/\/yoast.com\/product\/yoast-seo-wordpress\/ -->\n<title>Politique de Confidentialit\u00e9 - Javier Aranda<\/title>\n<meta name=\"robots\" content=\"noindex, follow, max-snippet:-1, max-image-preview:large, max-video-preview:-1\" \/>\n<meta property=\"og:locale\" content=\"fr_FR\" \/>\n<meta property=\"og:type\" content=\"article\" \/>\n<meta property=\"og:title\" content=\"Politique de Confidentialit\u00e9 - Javier Aranda\" \/>\n<meta property=\"og:description\" content=\"Politique de Confidentialit\u00e9 Coordonn\u00e9es Conform\u00e9ment \u00e0 l&rsquo;article 10 de la Loi 34\/2002 du 11 juillet sur les Services de la Soci\u00e9t\u00e9 de l&rsquo;Information et le Commerce \u00c9lectronique, les informations d&rsquo;identification du Titulaire sont pr\u00e9sent\u00e9es ci-dessous : Web: http:\/\/www.chefjavieraranda.com Titulaire: Pccd Rest 2020 S.L. (en adelante, RESTAURANTE GAYT\u00c1N) Adresse: Calle Principe de Vergara, 205 &#8211; LATERAL [&hellip;]\" \/>\n<meta property=\"og:url\" content=\"https:\/\/chefjavieraranda.com\/fr\/politique-de-confidentialite\" \/>\n<meta property=\"og:site_name\" content=\"Javier Aranda\" \/>\n<meta property=\"article:modified_time\" content=\"2024-11-04T10:21:07+00:00\" \/>\n<meta property=\"og:image\" content=\"https:\/\/chefjavieraranda.com\/wp-content\/uploads\/2024\/11\/OpenGraph-Javier-Aranda.jpg\" \/>\n\t<meta property=\"og:image:width\" content=\"1200\" \/>\n\t<meta property=\"og:image:height\" content=\"630\" \/>\n\t<meta property=\"og:image:type\" content=\"image\/jpeg\" \/>\n<meta name=\"twitter:card\" content=\"summary_large_image\" \/>\n<meta name=\"twitter:label1\" content=\"Dur\u00e9e de lecture estim\u00e9e\" \/>\n\t<meta name=\"twitter:data1\" content=\"3 minutes\" \/>\n<script type=\"application\/ld+json\" class=\"yoast-schema-graph\">{\"@context\":\"https:\\\/\\\/schema.org\",\"@graph\":[{\"@type\":\"WebPage\",\"@id\":\"https:\\\/\\\/chefjavieraranda.com\\\/fr\\\/politique-de-confidentialite\",\"url\":\"https:\\\/\\\/chefjavieraranda.com\\\/fr\\\/politique-de-confidentialite\",\"name\":\"Politique de Confidentialit\u00e9 - Javier Aranda\",\"isPartOf\":{\"@id\":\"https:\\\/\\\/chefjavieraranda.com\\\/fr#website\"},\"datePublished\":\"2024-10-10T16:18:40+00:00\",\"dateModified\":\"2024-11-04T10:21:07+00:00\",\"breadcrumb\":{\"@id\":\"https:\\\/\\\/chefjavieraranda.com\\\/fr\\\/politique-de-confidentialite#breadcrumb\"},\"inLanguage\":\"fr-FR\",\"potentialAction\":[{\"@type\":\"ReadAction\",\"target\":[\"https:\\\/\\\/chefjavieraranda.com\\\/fr\\\/politique-de-confidentialite\"]}]},{\"@type\":\"BreadcrumbList\",\"@id\":\"https:\\\/\\\/chefjavieraranda.com\\\/fr\\\/politique-de-confidentialite#breadcrumb\",\"itemListElement\":[{\"@type\":\"ListItem\",\"position\":1,\"name\":\"Portada\",\"item\":\"https:\\\/\\\/chefjavieraranda.com\\\/fr\\\/home-2\"},{\"@type\":\"ListItem\",\"position\":2,\"name\":\"Politique de Confidentialit\u00e9\"}]},{\"@type\":\"WebSite\",\"@id\":\"https:\\\/\\\/chefjavieraranda.com\\\/fr#website\",\"url\":\"https:\\\/\\\/chefjavieraranda.com\\\/fr\",\"name\":\"Javier Aranda\",\"description\":\"Restaurante Gayt\u00e1n\",\"publisher\":{\"@id\":\"https:\\\/\\\/chefjavieraranda.com\\\/fr#organization\"},\"potentialAction\":[{\"@type\":\"SearchAction\",\"target\":{\"@type\":\"EntryPoint\",\"urlTemplate\":\"https:\\\/\\\/chefjavieraranda.com\\\/fr?s={search_term_string}\"},\"query-input\":{\"@type\":\"PropertyValueSpecification\",\"valueRequired\":true,\"valueName\":\"search_term_string\"}}],\"inLanguage\":\"fr-FR\"},{\"@type\":\"Organization\",\"@id\":\"https:\\\/\\\/chefjavieraranda.com\\\/fr#organization\",\"name\":\"Javier Aranda\",\"url\":\"https:\\\/\\\/chefjavieraranda.com\\\/fr\",\"logo\":{\"@type\":\"ImageObject\",\"inLanguage\":\"fr-FR\",\"@id\":\"https:\\\/\\\/chefjavieraranda.com\\\/fr#\\\/schema\\\/logo\\\/image\\\/\",\"url\":\"https:\\\/\\\/chefjavieraranda.com\\\/wp-content\\\/uploads\\\/2024\\\/10\\\/JA_Logotipo_BLACK.png\",\"contentUrl\":\"https:\\\/\\\/chefjavieraranda.com\\\/wp-content\\\/uploads\\\/2024\\\/10\\\/JA_Logotipo_BLACK.png\",\"width\":3509,\"height\":1124,\"caption\":\"Javier Aranda\"},\"image\":{\"@id\":\"https:\\\/\\\/chefjavieraranda.com\\\/fr#\\\/schema\\\/logo\\\/image\\\/\"},\"sameAs\":[\"https:\\\/\\\/www.instagram.com\\\/gaytanrestaurante\\\/\",\"https:\\\/\\\/www.instagram.com\\\/javierarandachef\\\/?hl=en\"]}]}<\/script>\n<!-- \/ Yoast SEO plugin. -->","yoast_head_json":{"title":"Politique de Confidentialit\u00e9 - Javier Aranda","robots":{"index":"noindex","follow":"follow","max-snippet":"max-snippet:-1","max-image-preview":"max-image-preview:large","max-video-preview":"max-video-preview:-1"},"og_locale":"fr_FR","og_type":"article","og_title":"Politique de Confidentialit\u00e9 - Javier Aranda","og_description":"Politique de Confidentialit\u00e9 Coordonn\u00e9es Conform\u00e9ment \u00e0 l&rsquo;article 10 de la Loi 34\/2002 du 11 juillet sur les Services de la Soci\u00e9t\u00e9 de l&rsquo;Information et le Commerce \u00c9lectronique, les informations d&rsquo;identification du Titulaire sont pr\u00e9sent\u00e9es ci-dessous : Web: http:\/\/www.chefjavieraranda.com Titulaire: Pccd Rest 2020 S.L. (en adelante, RESTAURANTE GAYT\u00c1N) Adresse: Calle Principe de Vergara, 205 &#8211; LATERAL [&hellip;]","og_url":"https:\/\/chefjavieraranda.com\/fr\/politique-de-confidentialite","og_site_name":"Javier Aranda","article_modified_time":"2024-11-04T10:21:07+00:00","og_image":[{"width":1200,"height":630,"url":"https:\/\/chefjavieraranda.com\/wp-content\/uploads\/2024\/11\/OpenGraph-Javier-Aranda.jpg","type":"image\/jpeg"}],"twitter_card":"summary_large_image","twitter_misc":{"Dur\u00e9e de lecture estim\u00e9e":"3 minutes"},"schema":{"@context":"https:\/\/schema.org","@graph":[{"@type":"WebPage","@id":"https:\/\/chefjavieraranda.com\/fr\/politique-de-confidentialite","url":"https:\/\/chefjavieraranda.com\/fr\/politique-de-confidentialite","name":"Politique de Confidentialit\u00e9 - Javier Aranda","isPartOf":{"@id":"https:\/\/chefjavieraranda.com\/fr#website"},"datePublished":"2024-10-10T16:18:40+00:00","dateModified":"2024-11-04T10:21:07+00:00","breadcrumb":{"@id":"https:\/\/chefjavieraranda.com\/fr\/politique-de-confidentialite#breadcrumb"},"inLanguage":"fr-FR","potentialAction":[{"@type":"ReadAction","target":["https:\/\/chefjavieraranda.com\/fr\/politique-de-confidentialite"]}]},{"@type":"BreadcrumbList","@id":"https:\/\/chefjavieraranda.com\/fr\/politique-de-confidentialite#breadcrumb","itemListElement":[{"@type":"ListItem","position":1,"name":"Portada","item":"https:\/\/chefjavieraranda.com\/fr\/home-2"},{"@type":"ListItem","position":2,"name":"Politique de Confidentialit\u00e9"}]},{"@type":"WebSite","@id":"https:\/\/chefjavieraranda.com\/fr#website","url":"https:\/\/chefjavieraranda.com\/fr","name":"Javier Aranda","description":"Restaurante Gayt\u00e1n","publisher":{"@id":"https:\/\/chefjavieraranda.com\/fr#organization"},"potentialAction":[{"@type":"SearchAction","target":{"@type":"EntryPoint","urlTemplate":"https:\/\/chefjavieraranda.com\/fr?s={search_term_string}"},"query-input":{"@type":"PropertyValueSpecification","valueRequired":true,"valueName":"search_term_string"}}],"inLanguage":"fr-FR"},{"@type":"Organization","@id":"https:\/\/chefjavieraranda.com\/fr#organization","name":"Javier Aranda","url":"https:\/\/chefjavieraranda.com\/fr","logo":{"@type":"ImageObject","inLanguage":"fr-FR","@id":"https:\/\/chefjavieraranda.com\/fr#\/schema\/logo\/image\/","url":"https:\/\/chefjavieraranda.com\/wp-content\/uploads\/2024\/10\/JA_Logotipo_BLACK.png","contentUrl":"https:\/\/chefjavieraranda.com\/wp-content\/uploads\/2024\/10\/JA_Logotipo_BLACK.png","width":3509,"height":1124,"caption":"Javier Aranda"},"image":{"@id":"https:\/\/chefjavieraranda.com\/fr#\/schema\/logo\/image\/"},"sameAs":["https:\/\/www.instagram.com\/gaytanrestaurante\/","https:\/\/www.instagram.com\/javierarandachef\/?hl=en"]}]}},"_links":{"self":[{"href":"https:\/\/chefjavieraranda.com\/fr\/wp-json\/wp\/v2\/pages\/771","targetHints":{"allow":["GET"]}}],"collection":[{"href":"https:\/\/chefjavieraranda.com\/fr\/wp-json\/wp\/v2\/pages"}],"about":[{"href":"https:\/\/chefjavieraranda.com\/fr\/wp-json\/wp\/v2\/types\/page"}],"author":[{"embeddable":true,"href":"https:\/\/chefjavieraranda.com\/fr\/wp-json\/wp\/v2\/users\/1"}],"replies":[{"embeddable":true,"href":"https:\/\/chefjavieraranda.com\/fr\/wp-json\/wp\/v2\/comments?post=771"}],"version-history":[{"count":1,"href":"https:\/\/chefjavieraranda.com\/fr\/wp-json\/wp\/v2\/pages\/771\/revisions"}],"predecessor-version":[{"id":772,"href":"https:\/\/chefjavieraranda.com\/fr\/wp-json\/wp\/v2\/pages\/771\/revisions\/772"}],"wp:attachment":[{"href":"https:\/\/chefjavieraranda.com\/fr\/wp-json\/wp\/v2\/media?parent=771"}],"curies":[{"name":"wp","href":"https:\/\/api.w.org\/{rel}","templated":true}]}}