{"id":773,"date":"2024-10-26T15:56:51","date_gmt":"2024-10-26T15:56:51","guid":{"rendered":"https:\/\/chefjavieraranda.live-website.com\/mentions-legales"},"modified":"2024-11-04T10:29:42","modified_gmt":"2024-11-04T10:29:42","slug":"mentions-legales","status":"publish","type":"page","link":"https:\/\/chefjavieraranda.com\/fr\/mentions-legales","title":{"rendered":"Mentions L\u00e9gales"},"content":{"rendered":"\t\t<div data-elementor-type=\"wp-page\" data-elementor-id=\"773\" class=\"elementor elementor-773 elementor-366\" data-elementor-post-type=\"page\">\n\t\t\t\t<div class=\"elementor-element elementor-element-02d06a5 e-flex e-con-boxed e-con e-parent\" data-id=\"02d06a5\" data-element_type=\"container\" data-e-type=\"container\" data-settings=\"{&quot;background_background&quot;:&quot;classic&quot;}\">\n\t\t\t\t\t<div class=\"e-con-inner\">\n\t\t<div class=\"elementor-element elementor-element-ae61c73 e-con-full e-flex e-con e-child\" data-id=\"ae61c73\" data-element_type=\"container\" data-e-type=\"container\" data-settings=\"{&quot;background_background&quot;:&quot;classic&quot;}\">\n\t\t<div class=\"elementor-element elementor-element-53e34ef e-con-full e-flex e-con e-child\" data-id=\"53e34ef\" data-element_type=\"container\" data-e-type=\"container\">\n\t\t\t\t<div class=\"elementor-element elementor-element-cfce04a elementor-widget elementor-widget-heading\" data-id=\"cfce04a\" data-element_type=\"widget\" data-e-type=\"widget\" data-widget_type=\"heading.default\">\n\t\t\t\t<div class=\"elementor-widget-container\">\n\t\t\t\t\t<h1 class=\"elementor-heading-title elementor-size-default\">Mentions L\u00e9gales<\/h1>\t\t\t\t<\/div>\n\t\t\t\t<\/div>\n\t\t\t\t<div class=\"elementor-element elementor-element-e270378 elementor-widget elementor-widget-text-editor\" data-id=\"e270378\" data-element_type=\"widget\" data-e-type=\"widget\" data-widget_type=\"text-editor.default\">\n\t\t\t\t<div class=\"elementor-widget-container\">\n\t\t\t\t\t\t\t\t\t<h4>www.chefjavieraranda.com<\/h4>\n\t\t\t\t\t\t\t\t<\/div>\n\t\t\t\t<\/div>\n\t\t\t\t<div class=\"elementor-element elementor-element-ee53430 elementor-widget elementor-widget-text-editor\" data-id=\"ee53430\" data-element_type=\"widget\" data-e-type=\"widget\" data-widget_type=\"text-editor.default\">\n\t\t\t\t<div class=\"elementor-widget-container\">\n\t\t\t\t\t\t\t\t\t<p style=\"font-weight: 400;\"><strong>1) INFORMATIONS DU TITULAIRE<\/strong><\/p>\n<p style=\"font-weight: 400;\">Conform\u00e9ment \u00e0 l&rsquo;article 10 de la Loi 34\/2002 du 11 juillet sur les Services de la Soci\u00e9t\u00e9 de l&rsquo;Information et le Commerce \u00c9lectronique, les informations d&rsquo;identification du Titulaire sont pr\u00e9sent\u00e9es ci-dessous :<\/p>\n<p><strong>Web: <\/strong>http:\/\/www.chefjavieraranda.com<\/p>\n<p><strong>Titulaire<\/strong>: Pccd Rest 2020 S.L. (en adelante, RESTAURANTE GAYT\u00c1N)<\/p>\n<p><strong>Adresse<\/strong>: Calle Principe de Vergara, 205 &#8211; LATERAL DR, Madrid, 28002 , Madrid (Espagne)<\/p>\n<p><strong>C.I.F<\/strong>: B01691013<\/p>\n<p><strong>T\u00e9l\u00e9phone<\/strong>: +34 913 48 50 30<\/p>\n<p><strong>Mail<\/strong>: info@chefjavieraranda.com<\/p>\n<p style=\"font-weight: 400;\"><strong>2) <\/strong><strong>CONDITIONS D&rsquo;ACC\u00c8S ET D&rsquo;UTILISATION<\/strong><\/p>\n<p style=\"font-weight: 400;\">Toute personne acc\u00e9dant au site Web de <strong>RESTAURANT GAYT\u00c1N<\/strong> sera consid\u00e9r\u00e9e comme un Utilisateur. L&rsquo;Utilisateur s&rsquo;engage \u00e0 utiliser la page Web et les services mis \u00e0 sa disposition conform\u00e9ment \u00e0 la loi, \u00e0 la morale, aux bonnes m\u0153urs et \u00e0 l&rsquo;ordre public, ainsi qu&rsquo;aux dispositions des pr\u00e9sentes clauses. Par cons\u00e9quent, il est tenu de ne pas utiliser le site Web \u00e0 des fins ou avec des effets ill\u00e9gaux et\/ou contraires aux dispositions, pr\u00e9judiciables aux droits et\/ou int\u00e9r\u00eats de tiers ou qui, de quelque mani\u00e8re que ce soit, pourraient endommager le site Web ou emp\u00eacher son utilisation normale, ou des services accessibles par son interm\u00e9diaire.  <\/p>\n<p style=\"font-weight: 400;\">L&rsquo;utilisation du site Web et\/ou de ses Services impliquera l&rsquo;acceptation pleine et sans r\u00e9serve, et la validit\u00e9, de chacune des clauses figurant dans la derni\u00e8re version mise \u00e0 jour de cet Avis L\u00e9gal, l&rsquo;Utilisateur devant \u00eatre conscient de l&rsquo;importance de les lire chaque fois qu&rsquo;il visite le site Web.<\/p>\n<p style=\"font-weight: 400;\"><strong>3) <\/strong><strong>PROPRI\u00c9T\u00c9 INTELLECTUELLE<\/strong><\/p>\n<p style=\"font-weight: 400;\">Le code source, les dessins graphiques, les images, les photographies, les vid\u00e9os, les sons, les animations, le logiciel, les textes, ainsi que les informations et contenus qui se trouvent sur le site Web sont prot\u00e9g\u00e9s par la l\u00e9gislation espagnole sur les droits de propri\u00e9t\u00e9 intellectuelle et industrielle en faveur de <strong>RESTAURANT GAYT\u00c1N<\/strong> ou de tiers conc\u00e9dants de licence. La reproduction et\/ou la publication, totale ou partielle, du site Web, ni son traitement informatique, sa distribution, sa diffusion, ni sa modification, transformation ou d\u00e9compilation, ni tout autre droit l\u00e9galement reconnu \u00e0 son titulaire, ne sont autoris\u00e9s sans l&rsquo;autorisation pr\u00e9alable et \u00e9crite de ce dernier. L&rsquo;Utilisateur peut uniquement et exclusivement utiliser le mat\u00e9riel qui appara\u00eet sur le site Web pour son usage personnel et priv\u00e9, son utilisation \u00e0 des fins commerciales ou pour des activit\u00e9s ill\u00e9gales \u00e9tant interdite. Tous les droits d\u00e9riv\u00e9s de la propri\u00e9t\u00e9 intellectuelle sont express\u00e9ment r\u00e9serv\u00e9s par <strong>RESTAURANT GAYT\u00c1N<\/strong> ou les tiers conc\u00e9dants de licence, qui veillera au respect des pr\u00e9sentes conditions ainsi qu&rsquo;\u00e0 la bonne utilisation des contenus pr\u00e9sent\u00e9s sur ses pages web, en exer\u00e7ant toutes les actions civiles et p\u00e9nales qui lui correspondent en cas d&rsquo;infraction ou de non-respect de ces droits par l&rsquo;Utilisateur.   <\/p>\n<p style=\"font-weight: 400;\"><strong>4) <\/strong><strong>POLITIQUE DE CONFIDENTIALIT\u00c9<\/strong><\/p>\n<p style=\"font-weight: 400;\">Dans le cadre de la conformit\u00e9 \u00e0 la l\u00e9gislation en vigueur, conform\u00e9ment \u00e0 la Loi Organique 15\/1999 du 13 d\u00e9cembre, sur la protection des Donn\u00e9es \u00e0 Caract\u00e8re Personnel (LOPD), visant \u00e0 garantir et \u00e0 prot\u00e9ger, en ce qui concerne le traitement des donn\u00e9es personnelles, les libert\u00e9s et les droits fondamentaux des personnes physiques, et en particulier leur honneur et leur intimit\u00e9 personnelle, <strong>RESTAURANT GAYT\u00c1N<\/strong> informe les utilisateurs que :<\/p>\n<ul>\n<li style=\"font-weight: 400;\">Toutes les donn\u00e9es personnelles que l&rsquo;Utilisateur fournit par courrier \u00e9lectronique, formulaires \u00e9lectroniques ou autres moyens feront partie des fichiers appartenant \u00e0 <strong>RESTAURANT GAYT\u00c1N<\/strong>, d\u00fbment enregistr\u00e9s aupr\u00e8s de l&rsquo;Agence Espagnole de Protection des Donn\u00e9es. Le refus de fournir les donn\u00e9es qualifi\u00e9es d&rsquo;obligatoires par le symbole ast\u00e9risque (*) dans les formulaires de collecte, le cas \u00e9ch\u00e9ant, ou le refus explicite ou non \u00e9quivoque de cette politique de confidentialit\u00e9 rendra impossible la prestation du service demand\u00e9 par l&rsquo;Utilisateur. <\/li>\n<li style=\"font-weight: 400;\">Les finalit\u00e9s du traitement des donn\u00e9es sont la prestation des services demand\u00e9s par l&rsquo;Utilisateur, la correcte identification de l&rsquo;Utilisateur pour des services personnalis\u00e9s, la r\u00e9alisation d&rsquo;\u00e9tudes statistiques permettant de concevoir des am\u00e9liorations dans les services offerts, la gestion de la demande d&#8217;emploi et son inclusion dans les futurs processus de s\u00e9lection que le Responsable pourrait r\u00e9aliser, la r\u00e9alisation d&rsquo;actions de formation, la gestion de t\u00e2ches administratives de base, ainsi que la communication, par courrier \u00e9lectronique ou tout autre moyen, de nouveaut\u00e9s, produits et services li\u00e9s \u00e0 <strong>RESTAURANT GAYT\u00c1N<\/strong> ou \u00e0 des entit\u00e9s tierces collaboratrices pouvant \u00eatre d&rsquo;int\u00e9r\u00eat (cette derni\u00e8re t\u00e2che \u00e9tant toujours identifi\u00e9e comme telle). <\/li>\n<li style=\"font-weight: 400;\"><strong>RESTAURANT GAYT\u00c1N<\/strong> s&rsquo;engage \u00e0 traiter les donn\u00e9es de l&rsquo;Utilisateur de mani\u00e8re confidentielle et ne les transmettra \u00e0 des tiers (entendu comme les \u00ab\u00a0entit\u00e9s collaboratrices de <strong>RESTAURANT GAYT\u00c1N<\/strong> qui fournissent des services sp\u00e9cifiques \u00e0 ses clients ou employ\u00e9s\u00a0\u00bb) qu&rsquo;aux fins d&rsquo;accomplir efficacement les services demand\u00e9s par l&rsquo;Utilisateur. Dans le cas contraire, le consentement pr\u00e9alable de l&rsquo;Utilisateur sera requis. <\/li>\n<li style=\"font-weight: 400;\">L&rsquo;Utilisateur sera en tout cas responsable de la v\u00e9racit\u00e9 des donn\u00e9es fournies, et <strong>RESTAURANT GAYT\u00c1N<\/strong> se r\u00e9serve le droit d&rsquo;exclure des services enregistr\u00e9s tout Utilisateur ayant fourni des donn\u00e9es fausses, sans pr\u00e9judice des autres actions l\u00e9gales pertinentes.<\/li>\n<li style=\"font-weight: 400;\"><strong>RESTAURANT GAYT\u00c1N<\/strong> d\u00e9clare avoir adopt\u00e9 les mesures n\u00e9cessaires pour \u00e9viter la perte, l&rsquo;usage abusif, l&rsquo;alt\u00e9ration, l&rsquo;acc\u00e8s non autoris\u00e9 et le vol des donn\u00e9es fournies par l&rsquo;Utilisateur, conform\u00e9ment au niveau de s\u00e9curit\u00e9 applicable dans ses installations, syst\u00e8mes et fichiers, conform\u00e9ment \u00e0 ce qui est \u00e9tabli dans le Titre VIII du R\u00e8glement de d\u00e9veloppement de la LOPD (approuv\u00e9 par le D\u00e9cret Royal 1720\/2007 du 21 d\u00e9cembre). Cependant, l&rsquo;Utilisateur doit \u00eatre conscient qu&rsquo;\u00e0 l&rsquo;heure actuelle, les mesures de s\u00e9curit\u00e9 sur Internet ne sont pas infaillibles. <\/li>\n<li style=\"font-weight: 400;\">L&rsquo;Utilisateur pourra exercer les droits reconnus par la LOPD, d&rsquo;acc\u00e8s, de rectification, d&rsquo;annulation et d&rsquo;opposition en adressant une demande \u00e9crite \u00e0 <strong>Pccd Rest 2020 S.L.<\/strong><strong> <\/strong>(R\u00e9f. Protection des Donn\u00e9es) \u00e0 l&rsquo;adresse postale suivante : Cl. Espiritu Santo, 32 28004 Madrid (Espagne) ou par courrier \u00e9lectronique \u00e0 <em> <\/em><a href=\"mailto:info@chefjavieraranda.com\">info@chefjavieraranda.com<\/a>, en pr\u00e9cisant le droit qu&rsquo;il souhaite exercer et en joignant une pi\u00e8ce justificative de son identit\u00e9.<\/li>\n<\/ul>\n<p style=\"font-weight: 400;\"><strong>5) <\/strong><strong>POLITIQUE DE COOKIES<\/strong><\/p>\n<p style=\"font-weight: 400;\"><strong>RESTAURANT GAYT\u00c1N<\/strong> peut collecter des informations sur les habitudes de navigation des utilisateurs du site Web par le biais de cookies ou de fichiers de journal. Les cookies ne seront pas utilis\u00e9s pour recueillir des informations personnelles. Ils ne seront install\u00e9s que si l&rsquo;Utilisateur reste et continue de naviguer sur notre site Web, ce qui implique qu&rsquo;il accepte leur utilisation et leur installation. Nous fournissons ci-dessous des informations d\u00e9taill\u00e9es sur : ce que sont les \u00ab\u00a0cookies\u00a0\u00bb, les types de cookies utilis\u00e9s sur ce site Web, comment les d\u00e9sactiver dans le navigateur et comment bloquer sp\u00e9cifiquement l&rsquo;installation de Cookies de tiers.   <\/p>\n<p style=\"font-weight: 400;\"><strong>Qu&rsquo;est-ce que les cookies ?<\/strong><\/p>\n<p style=\"font-weight: 400;\">Les cookies sont de petits fichiers texte g\u00e9n\u00e9r\u00e9s par les pages Web que l&rsquo;Utilisateur visite, qui contiennent les donn\u00e9es de session pouvant \u00eatre utiles plus tard sur la page Web. Les donn\u00e9es permettent \u00e0 la page Web de maintenir ses informations entre les pages et d&rsquo;analyser la fa\u00e7on dont elle interagit avec le site. <\/p>\n<p style=\"font-weight: 400;\">Les cookies sont s\u00e9curis\u00e9s car ils ne peuvent stocker que les informations que le navigateur a mis en place, les informations que l&rsquo;Utilisateur a introduites dans le navigateur ou qui sont incluses dans la demande de page. Ils ne peuvent pas ex\u00e9cuter de code et ne peuvent pas \u00eatre utilis\u00e9s pour acc\u00e9der \u00e0 l&rsquo;appareil de l&rsquo;Utilisateur. <\/p>\n<p style=\"font-weight: 400;\">Les cookies sont essentiels pour le bon fonctionnement d&rsquo;Internet, offrant de nombreux avantages dans la fourniture de services interactifs, facilitant la navigation et l&rsquo;utilisation des pages Web. Les cookies ne peuvent pas endommager les appareils, et les activer aide \u00e0 identifier et r\u00e9soudre les erreurs. <\/p>\n<p style=\"font-weight: 400;\"><strong>Types de cookies<\/strong><\/p>\n<p style=\"font-weight: 400;\">Nous fournissons ci-dessous des informations suppl\u00e9mentaires pour mieux comprendre les diff\u00e9rents types de cookies pouvant \u00eatre utilis\u00e9s :<\/p>\n<p style=\"font-weight: 400;\">&#8211; <strong>Cookies de session<\/strong>: Ce sont des cookies temporaires qui restent dans le fichier de cookies du navigateur jusqu&rsquo;\u00e0 ce que la page Web soit quitt\u00e9e, de sorte qu&rsquo;aucun cookie ne soit enregistr\u00e9 sur le disque dur de l&rsquo;Utilisateur. Les informations obtenues par ces cookies servent \u00e0 analyser les mod\u00e8les de trafic Web. Cela permet, \u00e0 long terme, de fournir une meilleure exp\u00e9rience pour am\u00e9liorer le contenu et faciliter son utilisation.  <\/p>\n<p style=\"font-weight: 400;\">&#8211; <strong>Cookies permanents<\/strong>: Ils sont stock\u00e9s sur le disque dur et le site Web les lit chaque fois qu&rsquo;une nouvelle visite est effectu\u00e9e. Malgr\u00e9 leur nom, un site Web permanent poss\u00e8de une date d&rsquo;expiration d\u00e9termin\u00e9e. Le cookie cessera de fonctionner apr\u00e8s cette date. Ils sont g\u00e9n\u00e9ralement utilis\u00e9s pour faciliter les diff\u00e9rents services offerts par les sites Web.   <\/p>\n<p style=\"font-weight: 400;\">Nous publions ci-dessous une liste des principaux cookies utilis\u00e9s sur nos sites Web, en distinguant :<\/p>\n<p style=\"font-weight: 400;\">\u2013 <strong>Les cookies strictement n\u00e9cessaires<\/strong>, comme ceux permettant une navigation correcte ou ceux assurant le chargement efficace du contenu du site Web.<\/p>\n<p style=\"font-weight: 400;\">\u2013 Les <strong>cookies de tiers<\/strong>, comme ceux utilis\u00e9s par les r\u00e9seaux sociaux, ou par des compl\u00e9ments externes de contenu.<\/p>\n<p style=\"font-weight: 400;\">\u2013 Les <strong>cookies analytiques<\/strong> \u00e0 des fins de maintenance p\u00e9riodique et dans le but de garantir le meilleur service possible \u00e0 l&rsquo;utilisateur, avec lesquels les sites Web collectent des donn\u00e9es statistiques de l&rsquo;activit\u00e9.<\/p>\n\t\t\t\t\t\t\t\t<\/div>\n\t\t\t\t<\/div>\n\t\t\t\t<\/div>\n\t\t\t\t<\/div>\n\t\t\t\t\t<\/div>\n\t\t\t\t<\/div>\n\t\t\t\t<\/div>\n\t\t","protected":false},"excerpt":{"rendered":"<p>Mentions L\u00e9gales www.chefjavieraranda.com 1) INFORMATIONS DU TITULAIRE Conform\u00e9ment \u00e0 l&rsquo;article 10 de la Loi 34\/2002 du 11 juillet sur les Services de la Soci\u00e9t\u00e9 de l&rsquo;Information et le Commerce \u00c9lectronique, les informations d&rsquo;identification du Titulaire sont pr\u00e9sent\u00e9es ci-dessous : Web: http:\/\/www.chefjavieraranda.com Titulaire: Pccd Rest 2020 S.L. (en adelante, RESTAURANTE GAYT\u00c1N) Adresse: Calle Principe de Vergara, [&hellip;]<\/p>\n","protected":false},"author":2,"featured_media":0,"parent":0,"menu_order":0,"comment_status":"closed","ping_status":"closed","template":"","meta":{"footnotes":""},"class_list":["post-773","page","type-page","status-publish","hentry"],"yoast_head":"<!-- This site is optimized with the Yoast SEO plugin v27.4 - https:\/\/yoast.com\/product\/yoast-seo-wordpress\/ -->\n<title>Mentions L\u00e9gales - Javier Aranda<\/title>\n<meta name=\"robots\" content=\"noindex, follow, max-snippet:-1, max-image-preview:large, max-video-preview:-1\" \/>\n<meta property=\"og:locale\" content=\"fr_FR\" \/>\n<meta property=\"og:type\" content=\"article\" \/>\n<meta property=\"og:title\" content=\"Mentions L\u00e9gales - Javier Aranda\" \/>\n<meta property=\"og:description\" content=\"Mentions L\u00e9gales www.chefjavieraranda.com 1) INFORMATIONS DU TITULAIRE Conform\u00e9ment \u00e0 l&rsquo;article 10 de la Loi 34\/2002 du 11 juillet sur les Services de la Soci\u00e9t\u00e9 de l&rsquo;Information et le Commerce \u00c9lectronique, les informations d&rsquo;identification du Titulaire sont pr\u00e9sent\u00e9es ci-dessous : Web: http:\/\/www.chefjavieraranda.com Titulaire: Pccd Rest 2020 S.L. (en adelante, RESTAURANTE GAYT\u00c1N) Adresse: Calle Principe de Vergara, [&hellip;]\" \/>\n<meta property=\"og:url\" content=\"https:\/\/chefjavieraranda.com\/fr\/mentions-legales\" \/>\n<meta property=\"og:site_name\" content=\"Javier Aranda\" \/>\n<meta property=\"article:modified_time\" content=\"2024-11-04T10:29:42+00:00\" \/>\n<meta property=\"og:image\" content=\"https:\/\/chefjavieraranda.com\/wp-content\/uploads\/2024\/11\/OpenGraph-Javier-Aranda.jpg\" \/>\n\t<meta property=\"og:image:width\" content=\"1200\" \/>\n\t<meta property=\"og:image:height\" content=\"630\" \/>\n\t<meta property=\"og:image:type\" content=\"image\/jpeg\" \/>\n<meta name=\"twitter:card\" content=\"summary_large_image\" \/>\n<meta name=\"twitter:label1\" content=\"Dur\u00e9e de lecture estim\u00e9e\" \/>\n\t<meta name=\"twitter:data1\" content=\"8 minutes\" \/>\n<script type=\"application\/ld+json\" class=\"yoast-schema-graph\">{\"@context\":\"https:\\\/\\\/schema.org\",\"@graph\":[{\"@type\":\"WebPage\",\"@id\":\"https:\\\/\\\/chefjavieraranda.com\\\/fr\\\/mentions-legales\",\"url\":\"https:\\\/\\\/chefjavieraranda.com\\\/fr\\\/mentions-legales\",\"name\":\"Mentions L\u00e9gales - Javier Aranda\",\"isPartOf\":{\"@id\":\"https:\\\/\\\/chefjavieraranda.com\\\/fr#website\"},\"datePublished\":\"2024-10-26T15:56:51+00:00\",\"dateModified\":\"2024-11-04T10:29:42+00:00\",\"breadcrumb\":{\"@id\":\"https:\\\/\\\/chefjavieraranda.com\\\/fr\\\/mentions-legales#breadcrumb\"},\"inLanguage\":\"fr-FR\",\"potentialAction\":[{\"@type\":\"ReadAction\",\"target\":[\"https:\\\/\\\/chefjavieraranda.com\\\/fr\\\/mentions-legales\"]}]},{\"@type\":\"BreadcrumbList\",\"@id\":\"https:\\\/\\\/chefjavieraranda.com\\\/fr\\\/mentions-legales#breadcrumb\",\"itemListElement\":[{\"@type\":\"ListItem\",\"position\":1,\"name\":\"Portada\",\"item\":\"https:\\\/\\\/chefjavieraranda.com\\\/fr\\\/home-2\"},{\"@type\":\"ListItem\",\"position\":2,\"name\":\"Mentions L\u00e9gales\"}]},{\"@type\":\"WebSite\",\"@id\":\"https:\\\/\\\/chefjavieraranda.com\\\/fr#website\",\"url\":\"https:\\\/\\\/chefjavieraranda.com\\\/fr\",\"name\":\"Javier Aranda\",\"description\":\"Restaurante Gayt\u00e1n\",\"publisher\":{\"@id\":\"https:\\\/\\\/chefjavieraranda.com\\\/fr#organization\"},\"potentialAction\":[{\"@type\":\"SearchAction\",\"target\":{\"@type\":\"EntryPoint\",\"urlTemplate\":\"https:\\\/\\\/chefjavieraranda.com\\\/fr?s={search_term_string}\"},\"query-input\":{\"@type\":\"PropertyValueSpecification\",\"valueRequired\":true,\"valueName\":\"search_term_string\"}}],\"inLanguage\":\"fr-FR\"},{\"@type\":\"Organization\",\"@id\":\"https:\\\/\\\/chefjavieraranda.com\\\/fr#organization\",\"name\":\"Javier Aranda\",\"url\":\"https:\\\/\\\/chefjavieraranda.com\\\/fr\",\"logo\":{\"@type\":\"ImageObject\",\"inLanguage\":\"fr-FR\",\"@id\":\"https:\\\/\\\/chefjavieraranda.com\\\/fr#\\\/schema\\\/logo\\\/image\\\/\",\"url\":\"https:\\\/\\\/chefjavieraranda.com\\\/wp-content\\\/uploads\\\/2024\\\/10\\\/JA_Logotipo_BLACK.png\",\"contentUrl\":\"https:\\\/\\\/chefjavieraranda.com\\\/wp-content\\\/uploads\\\/2024\\\/10\\\/JA_Logotipo_BLACK.png\",\"width\":3509,\"height\":1124,\"caption\":\"Javier Aranda\"},\"image\":{\"@id\":\"https:\\\/\\\/chefjavieraranda.com\\\/fr#\\\/schema\\\/logo\\\/image\\\/\"},\"sameAs\":[\"https:\\\/\\\/www.instagram.com\\\/gaytanrestaurante\\\/\",\"https:\\\/\\\/www.instagram.com\\\/javierarandachef\\\/?hl=en\"]}]}<\/script>\n<!-- \/ Yoast SEO plugin. -->","yoast_head_json":{"title":"Mentions L\u00e9gales - Javier Aranda","robots":{"index":"noindex","follow":"follow","max-snippet":"max-snippet:-1","max-image-preview":"max-image-preview:large","max-video-preview":"max-video-preview:-1"},"og_locale":"fr_FR","og_type":"article","og_title":"Mentions L\u00e9gales - Javier Aranda","og_description":"Mentions L\u00e9gales www.chefjavieraranda.com 1) INFORMATIONS DU TITULAIRE Conform\u00e9ment \u00e0 l&rsquo;article 10 de la Loi 34\/2002 du 11 juillet sur les Services de la Soci\u00e9t\u00e9 de l&rsquo;Information et le Commerce \u00c9lectronique, les informations d&rsquo;identification du Titulaire sont pr\u00e9sent\u00e9es ci-dessous : Web: http:\/\/www.chefjavieraranda.com Titulaire: Pccd Rest 2020 S.L. (en adelante, RESTAURANTE GAYT\u00c1N) Adresse: Calle Principe de Vergara, [&hellip;]","og_url":"https:\/\/chefjavieraranda.com\/fr\/mentions-legales","og_site_name":"Javier Aranda","article_modified_time":"2024-11-04T10:29:42+00:00","og_image":[{"width":1200,"height":630,"url":"https:\/\/chefjavieraranda.com\/wp-content\/uploads\/2024\/11\/OpenGraph-Javier-Aranda.jpg","type":"image\/jpeg"}],"twitter_card":"summary_large_image","twitter_misc":{"Dur\u00e9e de lecture estim\u00e9e":"8 minutes"},"schema":{"@context":"https:\/\/schema.org","@graph":[{"@type":"WebPage","@id":"https:\/\/chefjavieraranda.com\/fr\/mentions-legales","url":"https:\/\/chefjavieraranda.com\/fr\/mentions-legales","name":"Mentions L\u00e9gales - Javier Aranda","isPartOf":{"@id":"https:\/\/chefjavieraranda.com\/fr#website"},"datePublished":"2024-10-26T15:56:51+00:00","dateModified":"2024-11-04T10:29:42+00:00","breadcrumb":{"@id":"https:\/\/chefjavieraranda.com\/fr\/mentions-legales#breadcrumb"},"inLanguage":"fr-FR","potentialAction":[{"@type":"ReadAction","target":["https:\/\/chefjavieraranda.com\/fr\/mentions-legales"]}]},{"@type":"BreadcrumbList","@id":"https:\/\/chefjavieraranda.com\/fr\/mentions-legales#breadcrumb","itemListElement":[{"@type":"ListItem","position":1,"name":"Portada","item":"https:\/\/chefjavieraranda.com\/fr\/home-2"},{"@type":"ListItem","position":2,"name":"Mentions L\u00e9gales"}]},{"@type":"WebSite","@id":"https:\/\/chefjavieraranda.com\/fr#website","url":"https:\/\/chefjavieraranda.com\/fr","name":"Javier Aranda","description":"Restaurante Gayt\u00e1n","publisher":{"@id":"https:\/\/chefjavieraranda.com\/fr#organization"},"potentialAction":[{"@type":"SearchAction","target":{"@type":"EntryPoint","urlTemplate":"https:\/\/chefjavieraranda.com\/fr?s={search_term_string}"},"query-input":{"@type":"PropertyValueSpecification","valueRequired":true,"valueName":"search_term_string"}}],"inLanguage":"fr-FR"},{"@type":"Organization","@id":"https:\/\/chefjavieraranda.com\/fr#organization","name":"Javier Aranda","url":"https:\/\/chefjavieraranda.com\/fr","logo":{"@type":"ImageObject","inLanguage":"fr-FR","@id":"https:\/\/chefjavieraranda.com\/fr#\/schema\/logo\/image\/","url":"https:\/\/chefjavieraranda.com\/wp-content\/uploads\/2024\/10\/JA_Logotipo_BLACK.png","contentUrl":"https:\/\/chefjavieraranda.com\/wp-content\/uploads\/2024\/10\/JA_Logotipo_BLACK.png","width":3509,"height":1124,"caption":"Javier Aranda"},"image":{"@id":"https:\/\/chefjavieraranda.com\/fr#\/schema\/logo\/image\/"},"sameAs":["https:\/\/www.instagram.com\/gaytanrestaurante\/","https:\/\/www.instagram.com\/javierarandachef\/?hl=en"]}]}},"_links":{"self":[{"href":"https:\/\/chefjavieraranda.com\/fr\/wp-json\/wp\/v2\/pages\/773","targetHints":{"allow":["GET"]}}],"collection":[{"href":"https:\/\/chefjavieraranda.com\/fr\/wp-json\/wp\/v2\/pages"}],"about":[{"href":"https:\/\/chefjavieraranda.com\/fr\/wp-json\/wp\/v2\/types\/page"}],"author":[{"embeddable":true,"href":"https:\/\/chefjavieraranda.com\/fr\/wp-json\/wp\/v2\/users\/2"}],"replies":[{"embeddable":true,"href":"https:\/\/chefjavieraranda.com\/fr\/wp-json\/wp\/v2\/comments?post=773"}],"version-history":[{"count":1,"href":"https:\/\/chefjavieraranda.com\/fr\/wp-json\/wp\/v2\/pages\/773\/revisions"}],"predecessor-version":[{"id":774,"href":"https:\/\/chefjavieraranda.com\/fr\/wp-json\/wp\/v2\/pages\/773\/revisions\/774"}],"wp:attachment":[{"href":"https:\/\/chefjavieraranda.com\/fr\/wp-json\/wp\/v2\/media?parent=773"}],"curies":[{"name":"wp","href":"https:\/\/api.w.org\/{rel}","templated":true}]}}