{"id":787,"date":"2024-10-27T09:29:53","date_gmt":"2024-10-27T09:29:53","guid":{"rendered":"https:\/\/chefjavieraranda.live-website.com\/evenements"},"modified":"2025-10-02T14:32:21","modified_gmt":"2025-10-02T14:32:21","slug":"evenements","status":"publish","type":"page","link":"https:\/\/chefjavieraranda.com\/fr\/evenements","title":{"rendered":"Ev\u00e9nements"},"content":{"rendered":"\t\t<div data-elementor-type=\"wp-page\" data-elementor-id=\"787\" class=\"elementor elementor-787 elementor-495\" data-elementor-post-type=\"page\">\n\t\t\t\t<div class=\"elementor-element elementor-element-26e175e8 e-grid e-con-full e-con e-parent\" data-id=\"26e175e8\" data-element_type=\"container\" data-e-type=\"container\" data-settings=\"{&quot;background_background&quot;:&quot;classic&quot;}\">\n\t\t<div class=\"elementor-element elementor-element-474c3402 e-con-full e-flex e-con e-child\" data-id=\"474c3402\" data-element_type=\"container\" data-e-type=\"container\" data-settings=\"{&quot;background_background&quot;:&quot;classic&quot;}\">\n\t\t\t\t<\/div>\n\t\t<div class=\"elementor-element elementor-element-4d84c8fd e-con-full animated-slow e-flex elementor-invisible e-con e-child\" data-id=\"4d84c8fd\" data-element_type=\"container\" data-e-type=\"container\" data-settings=\"{&quot;background_background&quot;:&quot;classic&quot;,&quot;animation&quot;:&quot;fadeIn&quot;}\">\n\t\t\t\t<div class=\"elementor-element elementor-element-3c78f19c elementor-widget elementor-widget-heading\" data-id=\"3c78f19c\" data-element_type=\"widget\" data-e-type=\"widget\" data-widget_type=\"heading.default\">\n\t\t\t\t<div class=\"elementor-widget-container\">\n\t\t\t\t\t<h1 class=\"elementor-heading-title elementor-size-default\">\u00c9v\u00e9nements et restauration - Restaurante Gayt\u00e1n<\/h1>\t\t\t\t<\/div>\n\t\t\t\t<\/div>\n\t\t\t\t<div class=\"elementor-element elementor-element-ebbd554 elementor-widget elementor-widget-heading\" data-id=\"ebbd554\" data-element_type=\"widget\" data-e-type=\"widget\" data-widget_type=\"heading.default\">\n\t\t\t\t<div class=\"elementor-widget-container\">\n\t\t\t\t\t<h5 class=\"elementor-heading-title elementor-size-default\">La meilleure exp\u00e9rience \u00e0 port\u00e9e de main<\/h5>\t\t\t\t<\/div>\n\t\t\t\t<\/div>\n\t\t\t\t<div class=\"elementor-element elementor-element-62f8d403 elementor-widget elementor-widget-text-editor\" data-id=\"62f8d403\" data-element_type=\"widget\" data-e-type=\"widget\" data-widget_type=\"text-editor.default\">\n\t\t\t\t<div class=\"elementor-widget-container\">\n\t\t\t\t\t\t\t\t\t<p>Gayt\u00e1n propose une vari\u00e9t\u00e9 d\u2019espaces modulables, parfaits pour tout type d\u2019\u00e9v\u00e9nement, <span style=\"text-decoration: underline;\">des r\u00e9unions intimes \u00e0 partir de 10 personnes aux grandes c\u00e9l\u00e9brations pouvant accueillir jusqu\u2019\u00e0 140 invit\u00e9s<\/span>.<\/p>\n<p>Chaque espace est parfaitement \u00e9quip\u00e9 pour refl\u00e9ter la qualit\u00e9 et le service attendus d&rsquo;un restaurant \u00e9toil\u00e9 Michelin, garantissant que chaque \u00e9v\u00e9nement soit aussi unique et m\u00e9morable que nos plats. <\/p>\n\t\t\t\t\t\t\t\t<\/div>\n\t\t\t\t<\/div>\n\t\t\t\t<div class=\"elementor-element elementor-element-3fc452fe elementor-align-left elementor-widget elementor-widget-button\" data-id=\"3fc452fe\" data-element_type=\"widget\" data-e-type=\"widget\" data-widget_type=\"button.default\">\n\t\t\t\t<div class=\"elementor-widget-container\">\n\t\t\t\t\t\t\t\t\t<div class=\"elementor-button-wrapper\">\n\t\t\t\t\t<a class=\"elementor-button elementor-button-link elementor-size-sm\" href=\"https:\/\/chefjavieraranda.com\/wp-content\/uploads\/2025\/06\/2025_JAVIER-ARANDA_ENGLISH.pdf\">\n\t\t\t\t\t\t<span class=\"elementor-button-content-wrapper\">\n\t\t\t\t\t\t\t\t\t<span class=\"elementor-button-text\">Voir le dossier de l'\u00e9v\u00e9nement<\/span>\n\t\t\t\t\t<\/span>\n\t\t\t\t\t<\/a>\n\t\t\t\t<\/div>\n\t\t\t\t\t\t\t\t<\/div>\n\t\t\t\t<\/div>\n\t\t\t\t<div class=\"elementor-element elementor-element-4a998ed elementor-widget elementor-widget-text-editor\" data-id=\"4a998ed\" data-element_type=\"widget\" data-e-type=\"widget\" data-widget_type=\"text-editor.default\">\n\t\t\t\t<div class=\"elementor-widget-container\">\n\t\t\t\t\t\t\t\t\t<p>Pour toute demande d&rsquo;\u00e9v\u00e9nement personnalis\u00e9, vous pouvez nous \u00e9crire \u00e0 l&rsquo;adresse e-mail <a href=\"mailto:eventos@restaurantegaytan.com\">eventos@restaurantegaytan.com<\/a><br \/><br \/><a href=\"tel:+34 682 24 14 69\">T: +34 682 24 14 69<\/a><\/p><p>Merci.<\/p>\t\t\t\t\t\t\t\t<\/div>\n\t\t\t\t<\/div>\n\t\t\t\t<\/div>\n\t\t\t\t<\/div>\n\t\t<div class=\"elementor-element elementor-element-735afa6f e-flex e-con-boxed e-con e-parent\" data-id=\"735afa6f\" data-element_type=\"container\" data-e-type=\"container\" data-settings=\"{&quot;background_background&quot;:&quot;classic&quot;}\">\n\t\t\t\t\t<div class=\"e-con-inner\">\n\t\t\t\t\t<\/div>\n\t\t\t\t<\/div>\n\t\t<div class=\"elementor-element elementor-element-5129f8a1 e-flex e-con-boxed e-con e-parent\" data-id=\"5129f8a1\" data-element_type=\"container\" data-e-type=\"container\" data-settings=\"{&quot;background_background&quot;:&quot;classic&quot;}\">\n\t\t\t\t\t<div class=\"e-con-inner\">\n\t\t<div class=\"elementor-element elementor-element-4fa65b91 e-con-full animated-slow e-flex elementor-invisible e-con e-child\" data-id=\"4fa65b91\" data-element_type=\"container\" data-e-type=\"container\" data-settings=\"{&quot;background_background&quot;:&quot;classic&quot;,&quot;animation&quot;:&quot;fadeIn&quot;}\">\n\t\t\t\t<div class=\"elementor-element elementor-element-52bb74e4 elementor-widget elementor-widget-heading\" data-id=\"52bb74e4\" data-element_type=\"widget\" data-e-type=\"widget\" data-widget_type=\"heading.default\">\n\t\t\t\t<div class=\"elementor-widget-container\">\n\t\t\t\t\t<h2 class=\"elementor-heading-title elementor-size-default\">Pauses Caf\u00e9, Cocktails et Menus de Groupe<\/h2>\t\t\t\t<\/div>\n\t\t\t\t<\/div>\n\t\t\t\t<div class=\"elementor-element elementor-element-741b804c elementor-widget elementor-widget-text-editor\" data-id=\"741b804c\" data-element_type=\"widget\" data-e-type=\"widget\" data-widget_type=\"text-editor.default\">\n\t\t\t\t<div class=\"elementor-widget-container\">\n\t\t\t\t\t\t\t\t\t<p>Profitez d&rsquo;une pause avec nos \u00e9l\u00e9gantes pauses caf\u00e9, des boissons aux s\u00e9lections compl\u00e8tes de sucr\u00e9 et sal\u00e9.<\/p>\n<p>Impressionnez et savourez nos cocktails : avec une offre qui comprend des classiques renouvel\u00e9s et des innovations culinaires, toujours accompagn\u00e9s de vins s\u00e9lectionn\u00e9s.<\/p>\n<p>Pour vos r\u00e9unions ou grandes c\u00e9l\u00e9brations, d\u00e9couvrez nos menus de groupe, des options simples aux banquets complets comprenant des entr\u00e9es, des plats principaux et des desserts d&rsquo;exception.<\/p>\n\t\t\t\t\t\t\t\t<\/div>\n\t\t\t\t<\/div>\n\t\t\t\t<\/div>\n\t\t\t\t\t<\/div>\n\t\t\t\t<\/div>\n\t\t<div class=\"elementor-element elementor-element-5288d3b e-con-full e-flex e-con e-parent\" data-id=\"5288d3b\" data-element_type=\"container\" data-e-type=\"container\" data-settings=\"{&quot;background_background&quot;:&quot;classic&quot;,&quot;sticky&quot;:&quot;top&quot;,&quot;sticky_on&quot;:[&quot;desktop&quot;,&quot;tablet&quot;,&quot;mobile&quot;],&quot;sticky_offset&quot;:0,&quot;sticky_effects_offset&quot;:0,&quot;sticky_anchor_link_offset&quot;:0}\">\n\t\t<div class=\"elementor-element elementor-element-4d4339bc e-con-full e-flex e-con e-child\" data-id=\"4d4339bc\" data-element_type=\"container\" data-e-type=\"container\" data-settings=\"{&quot;background_background&quot;:&quot;classic&quot;,&quot;sticky&quot;:&quot;top&quot;,&quot;sticky_on&quot;:[&quot;desktop&quot;,&quot;tablet&quot;,&quot;mobile&quot;],&quot;sticky_offset&quot;:0,&quot;sticky_effects_offset&quot;:0,&quot;sticky_anchor_link_offset&quot;:0}\">\n\t\t\t\t<div class=\"elementor-element elementor-element-6b31ef43 elementor-mobile-align-left elementor-widget elementor-widget-button\" data-id=\"6b31ef43\" data-element_type=\"widget\" data-e-type=\"widget\" data-widget_type=\"button.default\">\n\t\t\t\t<div class=\"elementor-widget-container\">\n\t\t\t\t\t\t\t\t\t<div class=\"elementor-button-wrapper\">\n\t\t\t\t\t<a class=\"elementor-button elementor-button-link elementor-size-sm\" href=\"https:\/\/chefjavieraranda.com\/wp-content\/uploads\/2025\/10\/2025-26_JAVIER-ARANDA-EVENTOS-Y-CATERING.pdf\">\n\t\t\t\t\t\t<span class=\"elementor-button-content-wrapper\">\n\t\t\t\t\t\t<span class=\"elementor-button-icon\">\n\t\t\t\t<svg aria-hidden=\"true\" class=\"e-font-icon-svg e-fas-file-download\" viewBox=\"0 0 384 512\" xmlns=\"http:\/\/www.w3.org\/2000\/svg\"><path d=\"M224 136V0H24C10.7 0 0 10.7 0 24v464c0 13.3 10.7 24 24 24h336c13.3 0 24-10.7 24-24V160H248c-13.2 0-24-10.8-24-24zm76.45 211.36l-96.42 95.7c-6.65 6.61-17.39 6.61-24.04 0l-96.42-95.7C73.42 337.29 80.54 320 94.82 320H160v-80c0-8.84 7.16-16 16-16h32c8.84 0 16 7.16 16 16v80h65.18c14.28 0 21.4 17.29 11.27 27.36zM377 105L279.1 7c-4.5-4.5-10.6-7-17-7H256v128h128v-6.1c0-6.3-2.5-12.4-7-16.9z\"><\/path><\/svg>\t\t\t<\/span>\n\t\t\t\t\t\t\t\t\t<span class=\"elementor-button-text\">T\u00e9l\u00e9chargez notre dossier<\/span>\n\t\t\t\t\t<\/span>\n\t\t\t\t\t<\/a>\n\t\t\t\t<\/div>\n\t\t\t\t\t\t\t\t<\/div>\n\t\t\t\t<\/div>\n\t\t\t\t<\/div>\n\t\t\t\t<\/div>\n\t\t<div class=\"elementor-element elementor-element-c59b81a e-con-full e-flex e-con e-parent\" data-id=\"c59b81a\" data-element_type=\"container\" data-e-type=\"container\" data-settings=\"{&quot;background_background&quot;:&quot;classic&quot;,&quot;sticky&quot;:&quot;top&quot;,&quot;sticky_on&quot;:[&quot;desktop&quot;,&quot;tablet&quot;,&quot;mobile&quot;],&quot;sticky_offset&quot;:0,&quot;sticky_effects_offset&quot;:0,&quot;sticky_anchor_link_offset&quot;:0}\">\n\t\t<div class=\"elementor-element elementor-element-6776e8f e-con-full e-flex e-con e-child\" data-id=\"6776e8f\" data-element_type=\"container\" data-e-type=\"container\" data-settings=\"{&quot;background_background&quot;:&quot;classic&quot;,&quot;sticky&quot;:&quot;top&quot;,&quot;sticky_on&quot;:[&quot;desktop&quot;,&quot;tablet&quot;,&quot;mobile&quot;],&quot;sticky_offset&quot;:0,&quot;sticky_effects_offset&quot;:0,&quot;sticky_anchor_link_offset&quot;:0}\">\n\t\t\t\t<div class=\"elementor-element elementor-element-836d984 elementor-mobile-align-left elementor-widget elementor-widget-button\" data-id=\"836d984\" data-element_type=\"widget\" data-e-type=\"widget\" data-widget_type=\"button.default\">\n\t\t\t\t<div class=\"elementor-widget-container\">\n\t\t\t\t\t\t\t\t\t<div class=\"elementor-button-wrapper\">\n\t\t\t\t\t<a class=\"elementor-button elementor-button-link elementor-size-sm\" href=\"https:\/\/chefjavieraranda.com\/fr\/contact\">\n\t\t\t\t\t\t<span class=\"elementor-button-content-wrapper\">\n\t\t\t\t\t\t\t\t\t<span class=\"elementor-button-text\">Contactez-nous<\/span>\n\t\t\t\t\t<\/span>\n\t\t\t\t\t<\/a>\n\t\t\t\t<\/div>\n\t\t\t\t\t\t\t\t<\/div>\n\t\t\t\t<\/div>\n\t\t\t\t<\/div>\n\t\t\t\t<\/div>\n\t\t<div class=\"elementor-element elementor-element-cebd269 e-flex e-con-boxed e-con e-parent\" data-id=\"cebd269\" data-element_type=\"container\" data-e-type=\"container\" data-settings=\"{&quot;background_background&quot;:&quot;classic&quot;}\">\n\t\t\t\t\t<div class=\"e-con-inner\">\n\t\t\t\t\t<\/div>\n\t\t\t\t<\/div>\n\t\t\t\t<\/div>\n\t\t","protected":false},"excerpt":{"rendered":"<p>\u00c9v\u00e9nements et restauration &#8211; Restaurante Gayt\u00e1n La meilleure exp\u00e9rience \u00e0 port\u00e9e de main Gayt\u00e1n propose une vari\u00e9t\u00e9 d\u2019espaces modulables, parfaits pour tout type d\u2019\u00e9v\u00e9nement, des r\u00e9unions intimes \u00e0 partir de 10 personnes aux grandes c\u00e9l\u00e9brations pouvant accueillir jusqu\u2019\u00e0 140 invit\u00e9s. Chaque espace est parfaitement \u00e9quip\u00e9 pour refl\u00e9ter la qualit\u00e9 et le service attendus d&rsquo;un restaurant [&hellip;]<\/p>\n","protected":false},"author":2,"featured_media":700,"parent":0,"menu_order":0,"comment_status":"closed","ping_status":"closed","template":"elementor_header_footer","meta":{"footnotes":""},"class_list":["post-787","page","type-page","status-publish","has-post-thumbnail","hentry"],"yoast_head":"<!-- This site is optimized with the Yoast SEO plugin v27.4 - https:\/\/yoast.com\/product\/yoast-seo-wordpress\/ -->\n<title>\u00c9v\u00e9nements et Traiteur. Restaurant Gayt\u00e1n - Chef Javier Aranda<\/title>\n<meta name=\"description\" content=\"Gayt\u00e1n propose une vari\u00e9t\u00e9 d\u2019espaces modulables, parfaits pour tout type d\u2019\u00e9v\u00e9nement, des r\u00e9unions intimes aux grandes c\u00e9l\u00e9brations.\" \/>\n<meta name=\"robots\" content=\"noindex, follow, max-snippet:-1, max-image-preview:large, max-video-preview:-1\" \/>\n<meta property=\"og:locale\" content=\"fr_FR\" \/>\n<meta property=\"og:type\" content=\"article\" \/>\n<meta property=\"og:title\" content=\"\u00c9v\u00e9nements et Traiteur. Restaurant Gayt\u00e1n - Chef Javier Aranda\" \/>\n<meta property=\"og:description\" content=\"Gayt\u00e1n propose une vari\u00e9t\u00e9 d\u2019espaces modulables, parfaits pour tout type d\u2019\u00e9v\u00e9nement, des r\u00e9unions intimes aux grandes c\u00e9l\u00e9brations.\" \/>\n<meta property=\"og:url\" content=\"https:\/\/chefjavieraranda.com\/fr\/evenements\" \/>\n<meta property=\"og:site_name\" content=\"Javier Aranda\" \/>\n<meta property=\"article:modified_time\" content=\"2025-10-02T14:32:21+00:00\" \/>\n<meta property=\"og:image\" content=\"https:\/\/chefjavieraranda.com\/wp-content\/uploads\/2024\/10\/javier-aranda-gaytan-web-3.jpg\" \/>\n\t<meta property=\"og:image:width\" content=\"2000\" \/>\n\t<meta property=\"og:image:height\" content=\"1150\" \/>\n\t<meta property=\"og:image:type\" content=\"image\/jpeg\" \/>\n<meta name=\"twitter:card\" content=\"summary_large_image\" \/>\n<meta name=\"twitter:label1\" content=\"Dur\u00e9e de lecture estim\u00e9e\" \/>\n\t<meta name=\"twitter:data1\" content=\"1 minute\" \/>\n<script type=\"application\/ld+json\" class=\"yoast-schema-graph\">{\"@context\":\"https:\\\/\\\/schema.org\",\"@graph\":[{\"@type\":\"WebPage\",\"@id\":\"https:\\\/\\\/chefjavieraranda.com\\\/fr\\\/evenements\",\"url\":\"https:\\\/\\\/chefjavieraranda.com\\\/fr\\\/evenements\",\"name\":\"\u00c9v\u00e9nements et Traiteur. Restaurant Gayt\u00e1n - Chef Javier Aranda\",\"isPartOf\":{\"@id\":\"https:\\\/\\\/chefjavieraranda.com\\\/fr#website\"},\"primaryImageOfPage\":{\"@id\":\"https:\\\/\\\/chefjavieraranda.com\\\/fr\\\/evenements#primaryimage\"},\"image\":{\"@id\":\"https:\\\/\\\/chefjavieraranda.com\\\/fr\\\/evenements#primaryimage\"},\"thumbnailUrl\":\"https:\\\/\\\/chefjavieraranda.com\\\/wp-content\\\/uploads\\\/2024\\\/10\\\/javier-aranda-gaytan-web-3.jpg\",\"datePublished\":\"2024-10-27T09:29:53+00:00\",\"dateModified\":\"2025-10-02T14:32:21+00:00\",\"description\":\"Gayt\u00e1n propose une vari\u00e9t\u00e9 d\u2019espaces modulables, parfaits pour tout type d\u2019\u00e9v\u00e9nement, des r\u00e9unions intimes aux grandes c\u00e9l\u00e9brations.\",\"breadcrumb\":{\"@id\":\"https:\\\/\\\/chefjavieraranda.com\\\/fr\\\/evenements#breadcrumb\"},\"inLanguage\":\"fr-FR\",\"potentialAction\":[{\"@type\":\"ReadAction\",\"target\":[\"https:\\\/\\\/chefjavieraranda.com\\\/fr\\\/evenements\"]}]},{\"@type\":\"ImageObject\",\"inLanguage\":\"fr-FR\",\"@id\":\"https:\\\/\\\/chefjavieraranda.com\\\/fr\\\/evenements#primaryimage\",\"url\":\"https:\\\/\\\/chefjavieraranda.com\\\/wp-content\\\/uploads\\\/2024\\\/10\\\/javier-aranda-gaytan-web-3.jpg\",\"contentUrl\":\"https:\\\/\\\/chefjavieraranda.com\\\/wp-content\\\/uploads\\\/2024\\\/10\\\/javier-aranda-gaytan-web-3.jpg\",\"width\":2000,\"height\":1150},{\"@type\":\"BreadcrumbList\",\"@id\":\"https:\\\/\\\/chefjavieraranda.com\\\/fr\\\/evenements#breadcrumb\",\"itemListElement\":[{\"@type\":\"ListItem\",\"position\":1,\"name\":\"Portada\",\"item\":\"https:\\\/\\\/chefjavieraranda.com\\\/fr\\\/home-2\"},{\"@type\":\"ListItem\",\"position\":2,\"name\":\"Ev\u00e9nements\"}]},{\"@type\":\"WebSite\",\"@id\":\"https:\\\/\\\/chefjavieraranda.com\\\/fr#website\",\"url\":\"https:\\\/\\\/chefjavieraranda.com\\\/fr\",\"name\":\"Javier Aranda\",\"description\":\"Restaurante Gayt\u00e1n\",\"publisher\":{\"@id\":\"https:\\\/\\\/chefjavieraranda.com\\\/fr#organization\"},\"potentialAction\":[{\"@type\":\"SearchAction\",\"target\":{\"@type\":\"EntryPoint\",\"urlTemplate\":\"https:\\\/\\\/chefjavieraranda.com\\\/fr?s={search_term_string}\"},\"query-input\":{\"@type\":\"PropertyValueSpecification\",\"valueRequired\":true,\"valueName\":\"search_term_string\"}}],\"inLanguage\":\"fr-FR\"},{\"@type\":\"Organization\",\"@id\":\"https:\\\/\\\/chefjavieraranda.com\\\/fr#organization\",\"name\":\"Javier Aranda\",\"url\":\"https:\\\/\\\/chefjavieraranda.com\\\/fr\",\"logo\":{\"@type\":\"ImageObject\",\"inLanguage\":\"fr-FR\",\"@id\":\"https:\\\/\\\/chefjavieraranda.com\\\/fr#\\\/schema\\\/logo\\\/image\\\/\",\"url\":\"https:\\\/\\\/chefjavieraranda.com\\\/wp-content\\\/uploads\\\/2024\\\/10\\\/JA_Logotipo_BLACK.png\",\"contentUrl\":\"https:\\\/\\\/chefjavieraranda.com\\\/wp-content\\\/uploads\\\/2024\\\/10\\\/JA_Logotipo_BLACK.png\",\"width\":3509,\"height\":1124,\"caption\":\"Javier Aranda\"},\"image\":{\"@id\":\"https:\\\/\\\/chefjavieraranda.com\\\/fr#\\\/schema\\\/logo\\\/image\\\/\"},\"sameAs\":[\"https:\\\/\\\/www.instagram.com\\\/gaytanrestaurante\\\/\",\"https:\\\/\\\/www.instagram.com\\\/javierarandachef\\\/?hl=en\"]}]}<\/script>\n<!-- \/ Yoast SEO plugin. -->","yoast_head_json":{"title":"\u00c9v\u00e9nements et Traiteur. Restaurant Gayt\u00e1n - Chef Javier Aranda","description":"Gayt\u00e1n propose une vari\u00e9t\u00e9 d\u2019espaces modulables, parfaits pour tout type d\u2019\u00e9v\u00e9nement, des r\u00e9unions intimes aux grandes c\u00e9l\u00e9brations.","robots":{"index":"noindex","follow":"follow","max-snippet":"max-snippet:-1","max-image-preview":"max-image-preview:large","max-video-preview":"max-video-preview:-1"},"og_locale":"fr_FR","og_type":"article","og_title":"\u00c9v\u00e9nements et Traiteur. Restaurant Gayt\u00e1n - Chef Javier Aranda","og_description":"Gayt\u00e1n propose une vari\u00e9t\u00e9 d\u2019espaces modulables, parfaits pour tout type d\u2019\u00e9v\u00e9nement, des r\u00e9unions intimes aux grandes c\u00e9l\u00e9brations.","og_url":"https:\/\/chefjavieraranda.com\/fr\/evenements","og_site_name":"Javier Aranda","article_modified_time":"2025-10-02T14:32:21+00:00","og_image":[{"width":2000,"height":1150,"url":"https:\/\/chefjavieraranda.com\/wp-content\/uploads\/2024\/10\/javier-aranda-gaytan-web-3.jpg","type":"image\/jpeg"}],"twitter_card":"summary_large_image","twitter_misc":{"Dur\u00e9e de lecture estim\u00e9e":"1 minute"},"schema":{"@context":"https:\/\/schema.org","@graph":[{"@type":"WebPage","@id":"https:\/\/chefjavieraranda.com\/fr\/evenements","url":"https:\/\/chefjavieraranda.com\/fr\/evenements","name":"\u00c9v\u00e9nements et Traiteur. Restaurant Gayt\u00e1n - Chef Javier Aranda","isPartOf":{"@id":"https:\/\/chefjavieraranda.com\/fr#website"},"primaryImageOfPage":{"@id":"https:\/\/chefjavieraranda.com\/fr\/evenements#primaryimage"},"image":{"@id":"https:\/\/chefjavieraranda.com\/fr\/evenements#primaryimage"},"thumbnailUrl":"https:\/\/chefjavieraranda.com\/wp-content\/uploads\/2024\/10\/javier-aranda-gaytan-web-3.jpg","datePublished":"2024-10-27T09:29:53+00:00","dateModified":"2025-10-02T14:32:21+00:00","description":"Gayt\u00e1n propose une vari\u00e9t\u00e9 d\u2019espaces modulables, parfaits pour tout type d\u2019\u00e9v\u00e9nement, des r\u00e9unions intimes aux grandes c\u00e9l\u00e9brations.","breadcrumb":{"@id":"https:\/\/chefjavieraranda.com\/fr\/evenements#breadcrumb"},"inLanguage":"fr-FR","potentialAction":[{"@type":"ReadAction","target":["https:\/\/chefjavieraranda.com\/fr\/evenements"]}]},{"@type":"ImageObject","inLanguage":"fr-FR","@id":"https:\/\/chefjavieraranda.com\/fr\/evenements#primaryimage","url":"https:\/\/chefjavieraranda.com\/wp-content\/uploads\/2024\/10\/javier-aranda-gaytan-web-3.jpg","contentUrl":"https:\/\/chefjavieraranda.com\/wp-content\/uploads\/2024\/10\/javier-aranda-gaytan-web-3.jpg","width":2000,"height":1150},{"@type":"BreadcrumbList","@id":"https:\/\/chefjavieraranda.com\/fr\/evenements#breadcrumb","itemListElement":[{"@type":"ListItem","position":1,"name":"Portada","item":"https:\/\/chefjavieraranda.com\/fr\/home-2"},{"@type":"ListItem","position":2,"name":"Ev\u00e9nements"}]},{"@type":"WebSite","@id":"https:\/\/chefjavieraranda.com\/fr#website","url":"https:\/\/chefjavieraranda.com\/fr","name":"Javier Aranda","description":"Restaurante Gayt\u00e1n","publisher":{"@id":"https:\/\/chefjavieraranda.com\/fr#organization"},"potentialAction":[{"@type":"SearchAction","target":{"@type":"EntryPoint","urlTemplate":"https:\/\/chefjavieraranda.com\/fr?s={search_term_string}"},"query-input":{"@type":"PropertyValueSpecification","valueRequired":true,"valueName":"search_term_string"}}],"inLanguage":"fr-FR"},{"@type":"Organization","@id":"https:\/\/chefjavieraranda.com\/fr#organization","name":"Javier Aranda","url":"https:\/\/chefjavieraranda.com\/fr","logo":{"@type":"ImageObject","inLanguage":"fr-FR","@id":"https:\/\/chefjavieraranda.com\/fr#\/schema\/logo\/image\/","url":"https:\/\/chefjavieraranda.com\/wp-content\/uploads\/2024\/10\/JA_Logotipo_BLACK.png","contentUrl":"https:\/\/chefjavieraranda.com\/wp-content\/uploads\/2024\/10\/JA_Logotipo_BLACK.png","width":3509,"height":1124,"caption":"Javier Aranda"},"image":{"@id":"https:\/\/chefjavieraranda.com\/fr#\/schema\/logo\/image\/"},"sameAs":["https:\/\/www.instagram.com\/gaytanrestaurante\/","https:\/\/www.instagram.com\/javierarandachef\/?hl=en"]}]}},"_links":{"self":[{"href":"https:\/\/chefjavieraranda.com\/fr\/wp-json\/wp\/v2\/pages\/787","targetHints":{"allow":["GET"]}}],"collection":[{"href":"https:\/\/chefjavieraranda.com\/fr\/wp-json\/wp\/v2\/pages"}],"about":[{"href":"https:\/\/chefjavieraranda.com\/fr\/wp-json\/wp\/v2\/types\/page"}],"author":[{"embeddable":true,"href":"https:\/\/chefjavieraranda.com\/fr\/wp-json\/wp\/v2\/users\/2"}],"replies":[{"embeddable":true,"href":"https:\/\/chefjavieraranda.com\/fr\/wp-json\/wp\/v2\/comments?post=787"}],"version-history":[{"count":23,"href":"https:\/\/chefjavieraranda.com\/fr\/wp-json\/wp\/v2\/pages\/787\/revisions"}],"predecessor-version":[{"id":1888,"href":"https:\/\/chefjavieraranda.com\/fr\/wp-json\/wp\/v2\/pages\/787\/revisions\/1888"}],"wp:featuredmedia":[{"embeddable":true,"href":"https:\/\/chefjavieraranda.com\/fr\/wp-json\/wp\/v2\/media\/700"}],"wp:attachment":[{"href":"https:\/\/chefjavieraranda.com\/fr\/wp-json\/wp\/v2\/media?parent=787"}],"curies":[{"name":"wp","href":"https:\/\/api.w.org\/{rel}","templated":true}]}}