{"id":799,"date":"2024-10-17T16:02:05","date_gmt":"2024-10-17T16:02:05","guid":{"rendered":"https:\/\/chefjavieraranda.live-website.com\/menus-de-degustation"},"modified":"2024-11-05T17:16:27","modified_gmt":"2024-11-05T17:16:27","slug":"menus-de-degustation","status":"publish","type":"page","link":"https:\/\/chefjavieraranda.com\/fr\/menus-de-degustation","title":{"rendered":"Menus de d\u00e9gustation"},"content":{"rendered":"\t\t<div data-elementor-type=\"wp-page\" data-elementor-id=\"799\" class=\"elementor elementor-799 elementor-310\" data-elementor-post-type=\"page\">\n\t\t\t\t<div class=\"elementor-element elementor-element-5caa064c e-con-full e-flex e-con e-parent\" data-id=\"5caa064c\" data-element_type=\"container\" data-e-type=\"container\">\n\t\t<div class=\"elementor-element elementor-element-3f6d2de8 e-flex e-con-boxed e-con e-child\" data-id=\"3f6d2de8\" data-element_type=\"container\" data-e-type=\"container\" data-settings=\"{&quot;background_background&quot;:&quot;classic&quot;,&quot;sticky&quot;:&quot;top&quot;,&quot;sticky_offset&quot;:70,&quot;sticky_parent&quot;:&quot;yes&quot;,&quot;sticky_on&quot;:[&quot;desktop&quot;,&quot;tablet&quot;],&quot;sticky_effects_offset&quot;:0,&quot;sticky_anchor_link_offset&quot;:0}\">\n\t\t\t\t\t<div class=\"e-con-inner\">\n\t\t\t\t<div class=\"elementor-element elementor-element-1f14c5e6 elementor-widget elementor-widget-heading\" data-id=\"1f14c5e6\" data-element_type=\"widget\" data-e-type=\"widget\" data-widget_type=\"heading.default\">\n\t\t\t\t<div class=\"elementor-widget-container\">\n\t\t\t\t\t<h1 class=\"elementor-heading-title elementor-size-default\">Ne cessez jamais de surprendre...<\/h1>\t\t\t\t<\/div>\n\t\t\t\t<\/div>\n\t\t\t\t<div class=\"elementor-element elementor-element-182ccf86 elementor-widget elementor-widget-text-editor\" data-id=\"182ccf86\" data-element_type=\"widget\" data-e-type=\"widget\" data-widget_type=\"text-editor.default\">\n\t\t\t\t<div class=\"elementor-widget-container\">\n\t\t\t\t\t\t\t\t\t<p class=\"p1\">Gayt\u00e1n est comme une surprise, quelque chose \u00e0 laquelle on ne s&rsquo;attend pas et qui semble soudain nous faire du bien.<\/p>\n<p class=\"p1\">Un concept de rencontre et d&rsquo;exigence culinaire, o\u00f9 <b><a href=\"https:\/\/chefjavieraranda.com\/fr\/javier-aranda\">le chef Javier Aranda<\/a><\/b> ne veut pas manquer l&rsquo;occasion d&rsquo;offrir une exp\u00e9rience gastronomique diff\u00e9rente, pr\u00e9par\u00e9e en direct, aux yeux du convive. <\/p>\n<p>D\u00e9couvrez l&rsquo;art de cuisiner dans une salle dot\u00e9e d&rsquo;une cuisine ovale, o\u00f9 vous pourrez voir comment vos plats sont pr\u00e9par\u00e9s, en profitant d&rsquo;une exp\u00e9rience unique et sans obstacle.<\/p>\n\t\t\t\t\t\t\t\t<\/div>\n\t\t\t\t<\/div>\n\t\t\t\t<div class=\"elementor-element elementor-element-f3a1a56 elementor-widget elementor-widget-image\" data-id=\"f3a1a56\" data-element_type=\"widget\" data-e-type=\"widget\" data-widget_type=\"image.default\">\n\t\t\t\t<div class=\"elementor-widget-container\">\n\t\t\t\t\t\t\t\t\t\t\t\t\t\t\t<img fetchpriority=\"high\" decoding=\"async\" width=\"800\" height=\"587\" src=\"https:\/\/chefjavieraranda.com\/wp-content\/uploads\/2024\/11\/Copia-de-IMG_3879.jpgq_.jpg\" class=\"attachment-large size-large wp-image-758\" alt=\"\" srcset=\"https:\/\/chefjavieraranda.com\/wp-content\/uploads\/2024\/11\/Copia-de-IMG_3879.jpgq_.jpg 920w, https:\/\/chefjavieraranda.com\/wp-content\/uploads\/2024\/11\/Copia-de-IMG_3879.jpgq_-300x220.jpg 300w, https:\/\/chefjavieraranda.com\/wp-content\/uploads\/2024\/11\/Copia-de-IMG_3879.jpgq_-768x563.jpg 768w\" sizes=\"(max-width: 800px) 100vw, 800px\" \/>\t\t\t\t\t\t\t\t\t\t\t\t\t\t\t<\/div>\n\t\t\t\t<\/div>\n\t\t\t\t\t<\/div>\n\t\t\t\t<\/div>\n\t\t<div class=\"elementor-element elementor-element-41786b83 e-con-full e-flex e-con e-child\" data-id=\"41786b83\" data-element_type=\"container\" data-e-type=\"container\" data-settings=\"{&quot;background_background&quot;:&quot;classic&quot;}\">\n\t\t\t\t<div class=\"elementor-element elementor-element-bc6201b elementor-nav-menu__align-start elementor-nav-menu--dropdown-none elementor-widget elementor-widget-nav-menu\" data-id=\"bc6201b\" data-element_type=\"widget\" data-e-type=\"widget\" data-settings=\"{&quot;layout&quot;:&quot;vertical&quot;,&quot;submenu_icon&quot;:{&quot;value&quot;:&quot;&lt;svg aria-hidden=\\&quot;true\\&quot; class=\\&quot;e-font-icon-svg e-fas-caret-down\\&quot; viewBox=\\&quot;0 0 320 512\\&quot; xmlns=\\&quot;http:\\\/\\\/www.w3.org\\\/2000\\\/svg\\&quot;&gt;&lt;path d=\\&quot;M31.3 192h257.3c17.8 0 26.7 21.5 14.1 34.1L174.1 354.8c-7.8 7.8-20.5 7.8-28.3 0L17.2 226.1C4.6 213.5 13.5 192 31.3 192z\\&quot;&gt;&lt;\\\/path&gt;&lt;\\\/svg&gt;&quot;,&quot;library&quot;:&quot;fa-solid&quot;}}\" data-widget_type=\"nav-menu.default\">\n\t\t\t\t<div class=\"elementor-widget-container\">\n\t\t\t\t\t\t\t\t<nav aria-label=\"Men\u00fa\" class=\"elementor-nav-menu--main elementor-nav-menu__container elementor-nav-menu--layout-vertical e--pointer-underline e--animation-fade\">\n\t\t\t\t<ul id=\"menu-1-bc6201b\" class=\"elementor-nav-menu sm-vertical\"><li class=\"menu-item menu-item-type-post_type menu-item-object-page menu-item-855\"><a href=\"https:\/\/chefjavieraranda.com\/fr\/menu-degustation-inaurem\" class=\"elementor-item\">Menu d\u00e9gustation INAUREM<\/a><\/li>\n<li class=\"menu-item menu-item-type-post_type menu-item-object-page menu-item-856\"><a href=\"https:\/\/chefjavieraranda.com\/fr\/menu-javier-aranda\" class=\"elementor-item\">Menu Javier Aranda<\/a><\/li>\n<\/ul>\t\t\t<\/nav>\n\t\t\t\t\t\t<nav class=\"elementor-nav-menu--dropdown elementor-nav-menu__container\" aria-hidden=\"true\">\n\t\t\t\t<ul id=\"menu-2-bc6201b\" class=\"elementor-nav-menu sm-vertical\"><li class=\"menu-item menu-item-type-post_type menu-item-object-page menu-item-855\"><a href=\"https:\/\/chefjavieraranda.com\/fr\/menu-degustation-inaurem\" class=\"elementor-item\" tabindex=\"-1\">Menu d\u00e9gustation INAUREM<\/a><\/li>\n<li class=\"menu-item menu-item-type-post_type menu-item-object-page menu-item-856\"><a href=\"https:\/\/chefjavieraranda.com\/fr\/menu-javier-aranda\" class=\"elementor-item\" tabindex=\"-1\">Menu Javier Aranda<\/a><\/li>\n<\/ul>\t\t\t<\/nav>\n\t\t\t\t\t\t<\/div>\n\t\t\t\t<\/div>\n\t\t\t\t<div class=\"elementor-element elementor-element-3f01f125 elementor-widget elementor-widget-spacer\" data-id=\"3f01f125\" data-element_type=\"widget\" data-e-type=\"widget\" data-widget_type=\"spacer.default\">\n\t\t\t\t<div class=\"elementor-widget-container\">\n\t\t\t\t\t\t\t<div class=\"elementor-spacer\">\n\t\t\t<div class=\"elementor-spacer-inner\"><\/div>\n\t\t<\/div>\n\t\t\t\t\t\t<\/div>\n\t\t\t\t<\/div>\n\t\t\t\t<\/div>\n\t\t\t\t<\/div>\n\t\t\t\t<\/div>\n\t\t","protected":false},"excerpt":{"rendered":"<p>Ne cessez jamais de surprendre&#8230; Gayt\u00e1n est comme une surprise, quelque chose \u00e0 laquelle on ne s&rsquo;attend pas et qui semble soudain nous faire du bien. Un concept de rencontre et d&rsquo;exigence culinaire, o\u00f9 le chef Javier Aranda ne veut pas manquer l&rsquo;occasion d&rsquo;offrir une exp\u00e9rience gastronomique diff\u00e9rente, pr\u00e9par\u00e9e en direct, aux yeux du convive. [&hellip;]<\/p>\n","protected":false},"author":2,"featured_media":758,"parent":0,"menu_order":0,"comment_status":"closed","ping_status":"closed","template":"elementor_header_footer","meta":{"footnotes":""},"class_list":["post-799","page","type-page","status-publish","has-post-thumbnail","hentry"],"yoast_head":"<!-- This site is optimized with the Yoast SEO plugin v27.4 - https:\/\/yoast.com\/product\/yoast-seo-wordpress\/ -->\n<title>Menus de d\u00e9gustation - Javier Aranda<\/title>\n<meta name=\"robots\" content=\"noindex, follow, max-snippet:-1, max-image-preview:large, max-video-preview:-1\" \/>\n<meta property=\"og:locale\" content=\"fr_FR\" \/>\n<meta property=\"og:type\" content=\"article\" \/>\n<meta property=\"og:title\" content=\"Menus de d\u00e9gustation - Javier Aranda\" \/>\n<meta property=\"og:description\" content=\"Ne cessez jamais de surprendre&#8230; Gayt\u00e1n est comme une surprise, quelque chose \u00e0 laquelle on ne s&rsquo;attend pas et qui semble soudain nous faire du bien. Un concept de rencontre et d&rsquo;exigence culinaire, o\u00f9 le chef Javier Aranda ne veut pas manquer l&rsquo;occasion d&rsquo;offrir une exp\u00e9rience gastronomique diff\u00e9rente, pr\u00e9par\u00e9e en direct, aux yeux du convive. [&hellip;]\" \/>\n<meta property=\"og:url\" content=\"https:\/\/chefjavieraranda.com\/fr\/menus-de-degustation\" \/>\n<meta property=\"og:site_name\" content=\"Javier Aranda\" \/>\n<meta property=\"article:modified_time\" content=\"2024-11-05T17:16:27+00:00\" \/>\n<meta property=\"og:image\" content=\"https:\/\/chefjavieraranda.com\/wp-content\/uploads\/2024\/11\/Copia-de-IMG_3879.jpgq_.jpg\" \/>\n\t<meta property=\"og:image:width\" content=\"920\" \/>\n\t<meta property=\"og:image:height\" content=\"675\" \/>\n\t<meta property=\"og:image:type\" content=\"image\/jpeg\" \/>\n<meta name=\"twitter:card\" content=\"summary_large_image\" \/>\n<script type=\"application\/ld+json\" class=\"yoast-schema-graph\">{\"@context\":\"https:\\\/\\\/schema.org\",\"@graph\":[{\"@type\":\"WebPage\",\"@id\":\"https:\\\/\\\/chefjavieraranda.com\\\/fr\\\/menus-de-degustation\",\"url\":\"https:\\\/\\\/chefjavieraranda.com\\\/fr\\\/menus-de-degustation\",\"name\":\"Menus de d\u00e9gustation - Javier Aranda\",\"isPartOf\":{\"@id\":\"https:\\\/\\\/chefjavieraranda.com\\\/fr#website\"},\"primaryImageOfPage\":{\"@id\":\"https:\\\/\\\/chefjavieraranda.com\\\/fr\\\/menus-de-degustation#primaryimage\"},\"image\":{\"@id\":\"https:\\\/\\\/chefjavieraranda.com\\\/fr\\\/menus-de-degustation#primaryimage\"},\"thumbnailUrl\":\"https:\\\/\\\/chefjavieraranda.com\\\/wp-content\\\/uploads\\\/2024\\\/11\\\/Copia-de-IMG_3879.jpgq_.jpg\",\"datePublished\":\"2024-10-17T16:02:05+00:00\",\"dateModified\":\"2024-11-05T17:16:27+00:00\",\"breadcrumb\":{\"@id\":\"https:\\\/\\\/chefjavieraranda.com\\\/fr\\\/menus-de-degustation#breadcrumb\"},\"inLanguage\":\"fr-FR\",\"potentialAction\":[{\"@type\":\"ReadAction\",\"target\":[\"https:\\\/\\\/chefjavieraranda.com\\\/fr\\\/menus-de-degustation\"]}]},{\"@type\":\"ImageObject\",\"inLanguage\":\"fr-FR\",\"@id\":\"https:\\\/\\\/chefjavieraranda.com\\\/fr\\\/menus-de-degustation#primaryimage\",\"url\":\"https:\\\/\\\/chefjavieraranda.com\\\/wp-content\\\/uploads\\\/2024\\\/11\\\/Copia-de-IMG_3879.jpgq_.jpg\",\"contentUrl\":\"https:\\\/\\\/chefjavieraranda.com\\\/wp-content\\\/uploads\\\/2024\\\/11\\\/Copia-de-IMG_3879.jpgq_.jpg\",\"width\":920,\"height\":675},{\"@type\":\"BreadcrumbList\",\"@id\":\"https:\\\/\\\/chefjavieraranda.com\\\/fr\\\/menus-de-degustation#breadcrumb\",\"itemListElement\":[{\"@type\":\"ListItem\",\"position\":1,\"name\":\"Portada\",\"item\":\"https:\\\/\\\/chefjavieraranda.com\\\/fr\\\/home-2\"},{\"@type\":\"ListItem\",\"position\":2,\"name\":\"Menus de d\u00e9gustation\"}]},{\"@type\":\"WebSite\",\"@id\":\"https:\\\/\\\/chefjavieraranda.com\\\/fr#website\",\"url\":\"https:\\\/\\\/chefjavieraranda.com\\\/fr\",\"name\":\"Javier Aranda\",\"description\":\"Restaurante Gayt\u00e1n\",\"publisher\":{\"@id\":\"https:\\\/\\\/chefjavieraranda.com\\\/fr#organization\"},\"potentialAction\":[{\"@type\":\"SearchAction\",\"target\":{\"@type\":\"EntryPoint\",\"urlTemplate\":\"https:\\\/\\\/chefjavieraranda.com\\\/fr?s={search_term_string}\"},\"query-input\":{\"@type\":\"PropertyValueSpecification\",\"valueRequired\":true,\"valueName\":\"search_term_string\"}}],\"inLanguage\":\"fr-FR\"},{\"@type\":\"Organization\",\"@id\":\"https:\\\/\\\/chefjavieraranda.com\\\/fr#organization\",\"name\":\"Javier Aranda\",\"url\":\"https:\\\/\\\/chefjavieraranda.com\\\/fr\",\"logo\":{\"@type\":\"ImageObject\",\"inLanguage\":\"fr-FR\",\"@id\":\"https:\\\/\\\/chefjavieraranda.com\\\/fr#\\\/schema\\\/logo\\\/image\\\/\",\"url\":\"https:\\\/\\\/chefjavieraranda.com\\\/wp-content\\\/uploads\\\/2024\\\/10\\\/JA_Logotipo_BLACK.png\",\"contentUrl\":\"https:\\\/\\\/chefjavieraranda.com\\\/wp-content\\\/uploads\\\/2024\\\/10\\\/JA_Logotipo_BLACK.png\",\"width\":3509,\"height\":1124,\"caption\":\"Javier Aranda\"},\"image\":{\"@id\":\"https:\\\/\\\/chefjavieraranda.com\\\/fr#\\\/schema\\\/logo\\\/image\\\/\"},\"sameAs\":[\"https:\\\/\\\/www.instagram.com\\\/gaytanrestaurante\\\/\",\"https:\\\/\\\/www.instagram.com\\\/javierarandachef\\\/?hl=en\"]}]}<\/script>\n<!-- \/ Yoast SEO plugin. -->","yoast_head_json":{"title":"Menus de d\u00e9gustation - Javier Aranda","robots":{"index":"noindex","follow":"follow","max-snippet":"max-snippet:-1","max-image-preview":"max-image-preview:large","max-video-preview":"max-video-preview:-1"},"og_locale":"fr_FR","og_type":"article","og_title":"Menus de d\u00e9gustation - Javier Aranda","og_description":"Ne cessez jamais de surprendre&#8230; Gayt\u00e1n est comme une surprise, quelque chose \u00e0 laquelle on ne s&rsquo;attend pas et qui semble soudain nous faire du bien. Un concept de rencontre et d&rsquo;exigence culinaire, o\u00f9 le chef Javier Aranda ne veut pas manquer l&rsquo;occasion d&rsquo;offrir une exp\u00e9rience gastronomique diff\u00e9rente, pr\u00e9par\u00e9e en direct, aux yeux du convive. [&hellip;]","og_url":"https:\/\/chefjavieraranda.com\/fr\/menus-de-degustation","og_site_name":"Javier Aranda","article_modified_time":"2024-11-05T17:16:27+00:00","og_image":[{"width":920,"height":675,"url":"https:\/\/chefjavieraranda.com\/wp-content\/uploads\/2024\/11\/Copia-de-IMG_3879.jpgq_.jpg","type":"image\/jpeg"}],"twitter_card":"summary_large_image","schema":{"@context":"https:\/\/schema.org","@graph":[{"@type":"WebPage","@id":"https:\/\/chefjavieraranda.com\/fr\/menus-de-degustation","url":"https:\/\/chefjavieraranda.com\/fr\/menus-de-degustation","name":"Menus de d\u00e9gustation - Javier Aranda","isPartOf":{"@id":"https:\/\/chefjavieraranda.com\/fr#website"},"primaryImageOfPage":{"@id":"https:\/\/chefjavieraranda.com\/fr\/menus-de-degustation#primaryimage"},"image":{"@id":"https:\/\/chefjavieraranda.com\/fr\/menus-de-degustation#primaryimage"},"thumbnailUrl":"https:\/\/chefjavieraranda.com\/wp-content\/uploads\/2024\/11\/Copia-de-IMG_3879.jpgq_.jpg","datePublished":"2024-10-17T16:02:05+00:00","dateModified":"2024-11-05T17:16:27+00:00","breadcrumb":{"@id":"https:\/\/chefjavieraranda.com\/fr\/menus-de-degustation#breadcrumb"},"inLanguage":"fr-FR","potentialAction":[{"@type":"ReadAction","target":["https:\/\/chefjavieraranda.com\/fr\/menus-de-degustation"]}]},{"@type":"ImageObject","inLanguage":"fr-FR","@id":"https:\/\/chefjavieraranda.com\/fr\/menus-de-degustation#primaryimage","url":"https:\/\/chefjavieraranda.com\/wp-content\/uploads\/2024\/11\/Copia-de-IMG_3879.jpgq_.jpg","contentUrl":"https:\/\/chefjavieraranda.com\/wp-content\/uploads\/2024\/11\/Copia-de-IMG_3879.jpgq_.jpg","width":920,"height":675},{"@type":"BreadcrumbList","@id":"https:\/\/chefjavieraranda.com\/fr\/menus-de-degustation#breadcrumb","itemListElement":[{"@type":"ListItem","position":1,"name":"Portada","item":"https:\/\/chefjavieraranda.com\/fr\/home-2"},{"@type":"ListItem","position":2,"name":"Menus de d\u00e9gustation"}]},{"@type":"WebSite","@id":"https:\/\/chefjavieraranda.com\/fr#website","url":"https:\/\/chefjavieraranda.com\/fr","name":"Javier Aranda","description":"Restaurante Gayt\u00e1n","publisher":{"@id":"https:\/\/chefjavieraranda.com\/fr#organization"},"potentialAction":[{"@type":"SearchAction","target":{"@type":"EntryPoint","urlTemplate":"https:\/\/chefjavieraranda.com\/fr?s={search_term_string}"},"query-input":{"@type":"PropertyValueSpecification","valueRequired":true,"valueName":"search_term_string"}}],"inLanguage":"fr-FR"},{"@type":"Organization","@id":"https:\/\/chefjavieraranda.com\/fr#organization","name":"Javier Aranda","url":"https:\/\/chefjavieraranda.com\/fr","logo":{"@type":"ImageObject","inLanguage":"fr-FR","@id":"https:\/\/chefjavieraranda.com\/fr#\/schema\/logo\/image\/","url":"https:\/\/chefjavieraranda.com\/wp-content\/uploads\/2024\/10\/JA_Logotipo_BLACK.png","contentUrl":"https:\/\/chefjavieraranda.com\/wp-content\/uploads\/2024\/10\/JA_Logotipo_BLACK.png","width":3509,"height":1124,"caption":"Javier Aranda"},"image":{"@id":"https:\/\/chefjavieraranda.com\/fr#\/schema\/logo\/image\/"},"sameAs":["https:\/\/www.instagram.com\/gaytanrestaurante\/","https:\/\/www.instagram.com\/javierarandachef\/?hl=en"]}]}},"_links":{"self":[{"href":"https:\/\/chefjavieraranda.com\/fr\/wp-json\/wp\/v2\/pages\/799","targetHints":{"allow":["GET"]}}],"collection":[{"href":"https:\/\/chefjavieraranda.com\/fr\/wp-json\/wp\/v2\/pages"}],"about":[{"href":"https:\/\/chefjavieraranda.com\/fr\/wp-json\/wp\/v2\/types\/page"}],"author":[{"embeddable":true,"href":"https:\/\/chefjavieraranda.com\/fr\/wp-json\/wp\/v2\/users\/2"}],"replies":[{"embeddable":true,"href":"https:\/\/chefjavieraranda.com\/fr\/wp-json\/wp\/v2\/comments?post=799"}],"version-history":[{"count":3,"href":"https:\/\/chefjavieraranda.com\/fr\/wp-json\/wp\/v2\/pages\/799\/revisions"}],"predecessor-version":[{"id":952,"href":"https:\/\/chefjavieraranda.com\/fr\/wp-json\/wp\/v2\/pages\/799\/revisions\/952"}],"wp:featuredmedia":[{"embeddable":true,"href":"https:\/\/chefjavieraranda.com\/fr\/wp-json\/wp\/v2\/media\/758"}],"wp:attachment":[{"href":"https:\/\/chefjavieraranda.com\/fr\/wp-json\/wp\/v2\/media?parent=799"}],"curies":[{"name":"wp","href":"https:\/\/api.w.org\/{rel}","templated":true}]}}